{"id":27175,"date":"2025-11-11T10:19:06","date_gmt":"2025-11-11T10:19:06","guid":{"rendered":"https:\/\/www.colomio.com\/?page_id=27175"},"modified":"2026-04-21 14:37:39","modified_gmt":"2026-04-21T14:37:39","slug":"lav-din-egen-kalender-pdf","status":"publish","type":"page","link":"https:\/\/www.colomio.com\/da\/lav-din-egen-kalender-pdf","title":{"rendered":"Redigerbar kalender: gratis skabeloner til din personlige planl\u00e6gning"},"content":{"rendered":"\n<style>.dat2 {display: none;} .separate-containers .inside-article {background-color: #f8fafc;}<\/style><script src=\"https:\/\/calendar-creator-production.up.railway.app\/embed.js\" async><\/script>\n<div\n  data-calendar-creator\n  data-ui-locale=\"da\"\n  data-brand=\"colomio\"\n  data-locale=\"da\"\n  data-country=\"dk\"\n  data-year=\"2026\"\n  data-range-mode=\"range\"\n  data-from=\"2026-01\"\n  data-to=\"2026-12\"\n  data-layout=\"modern\"\n  data-weekday-labels=\"short\"\n  data-week-start=\"mon\"\n  data-week-numbers=\"off\"\n  data-holidays=\"off\"\n  data-notes=\"off\"\n  data-margin=\"10\"\n><\/div>\n\n\n\n<p>En <strong>redigerbar kalender 2026<\/strong> giver dig fuld fleksibilitet, uanset om du planl\u00e6gger arbejde, skole, familie eller personlige projekter.<\/p>\n\n\n\n<h2 class=\"wp-block-heading\"><strong>Lav din egen fotokalender og print den derhjemme<\/strong><\/h2>\n\n\n\n<p>Med vores v\u00e6rkt\u00f8j kan du nemt skabe en personlig <strong>fotokalender<\/strong>, hvilket er en af de mest popul\u00e6re funktioner blandt brugerne. Du kan uploade dine yndlingsbilleder, v\u00e6lge et layout, tilpasse farver og designe hver m\u00e5ned pr\u00e6cis efter dit eget \u00f8nske. Uanset om du bruger familiebilleder, rejsebilleder, k\u00e6ledyr eller professionelle fotos, f\u00e5r du en elegant og kalender i h\u00f8j kvalitet.<\/p>\n\n\n\n<p>Du kan tilf\u00f8je \u00e9t stort billede per m\u00e5ned, skabe collager eller v\u00e6lge et minimalistisk layout. Alle skabeloner er fuldt redigerbare \u2014 tilf\u00f8j f\u00f8dselsdage, noter, begivenheder og p\u00e5mindelser, og tilpas kalenderen efter dine behov.<\/p>\n\n\n\n<p>N\u00e5r du er f\u00e6rdig, kan du downloade kalenderen som en PDF i h\u00f8j opl\u00f8sning og <strong>printe din fotokalender derhjemme<\/strong> eller hos et professionelt trykkeri. Den er perfekt som gave, familieplanl\u00e6gger, firmaprodukt eller et personligt projekt til \u00e5rets afslutning. Med vores v\u00e6rkt\u00f8j er det nemt, hurtigt og fuldt tilpasseligt at lave og printe en fotokalender.<\/p>\n\n\n\n<hr class=\"wp-block-separator has-alpha-channel-opacity\"\/>\n\n\n\n<h2 class=\"wp-block-heading\"><strong>Hvorfor v\u00e6lge en redigerbar kalender?<\/strong><\/h2>\n\n\n\n<p>Du kan:<\/p>\n\n\n\n<ul class=\"wp-block-list\">\n<li>tilf\u00f8je noter,<\/li>\n\n\n\n<li>\u00e6ndre farver og skrifttyper,<\/li>\n\n\n\n<li>justere layoutet,<\/li>\n\n\n\n<li>markere begivenheder,<\/li>\n\n\n\n<li>skabe en personlig planl\u00e6gningsform.<\/li>\n<\/ul>\n\n\n\n<hr class=\"wp-block-separator has-alpha-channel-opacity\"\/>\n\n\n\n<h2 class=\"wp-block-heading\"><strong>Tilpasset kalender 2026<\/strong><\/h2>\n\n\n\n<p>Med en <strong>tilpasset kalender 2026<\/strong> kan du redigere hver m\u00e5ned efter dine behov.<\/p>\n\n\n\n<hr class=\"wp-block-separator has-alpha-channel-opacity\"\/>\n\n\n\n<h2 class=\"wp-block-heading\"><strong>Redigerbare kalenderskabeloner<\/strong><\/h2>\n\n\n\n<p>V\u00e6lg mellem:<\/p>\n\n\n\n<ul class=\"wp-block-list\">\n<li>m\u00e5nedskalendere,<\/li>\n\n\n\n<li>\u00e5rsoversigter,<\/li>\n\n\n\n<li>ugeplaner,<\/li>\n\n\n\n<li>horisontalt\/vertikalt design.<\/li>\n<\/ul>\n\n\n\n<p>En <strong>tom kalenderskabelon<\/strong> giver kreativ frihed.<\/p>\n\n\n\n<hr class=\"wp-block-separator has-alpha-channel-opacity\"\/>\n\n\n\n<h2 class=\"wp-block-heading\"><strong>Lav din egen kalender<\/strong><\/h2>\n\n\n\n<p>Med en <strong>kalendergenerator<\/strong> kan du:<\/p>\n\n\n\n<ol class=\"wp-block-list\">\n<li>V\u00e6lge layout<\/li>\n\n\n\n<li>Tilpasse farver<\/li>\n\n\n\n<li>Indtaste begivenheder<\/li>\n\n\n\n<li>Tilf\u00f8je billeder<\/li>\n\n\n\n<li>Downloade og printe<\/li>\n<\/ol>\n\n\n\n<hr class=\"wp-block-separator has-alpha-channel-opacity\"\/>\n\n\n\n<h2 class=\"wp-block-heading\"><strong>Print en tilpasset kalender<\/strong><\/h2>\n\n\n\n<p>Det er nemt at <strong>printe en tilpasset kalender<\/strong> til hjemmet, kontoret eller skolen.<\/p>\n\n\n\n<hr class=\"wp-block-separator has-alpha-channel-opacity\"\/>\n\n\n\n<h2 class=\"wp-block-heading\"><strong>Gratis redigerbar kalender<\/strong><\/h2>\n\n\n\n<p>Der findes mange muligheder for en <strong>gratis redigerbar kalender<\/strong>.<\/p>\n","protected":false},"excerpt":{"rendered":"<p>En redigerbar kalender 2026 giver dig fuld fleksibilitet, uanset om du planl\u00e6gger arbejde, skole, familie eller personlige projekter. Lav din egen fotokalender og print den derhjemme Med vores v\u00e6rkt\u00f8j kan du nemt skabe en personlig fotokalender, hvilket er en af de mest popul\u00e6re funktioner blandt brugerne. Du kan uploade dine yndlingsbilleder, v\u00e6lge et layout, tilpasse &#8230; <a title=\"Redigerbar kalender: gratis skabeloner til din personlige planl\u00e6gning\" class=\"read-more\" href=\"https:\/\/www.colomio.com\/da\/lav-din-egen-kalender-pdf\" aria-label=\"Read more about Redigerbar kalender: gratis skabeloner til din personlige planl\u00e6gning\">L\u00e6s mere <\/a><\/p>\n","protected":false},"author":4,"featured_media":0,"parent":0,"menu_order":0,"comment_status":"closed","ping_status":"closed","template":"","meta":{"_yoast_wpseo_title":"Redigerbar kalender \u2013 Gratis tilpassede kalenderskabeloner","_yoast_wpseo_metadesc":"Lav din egen kalender 2026 med redigerbare skabeloner. Tilpas, print og download med vores kalendergenerator.","_yoast_wpseo_bctitle":"Redigerbar kalender","_colomio_max_video_preview":"","_colomio_max_image_preview":"","_colomio_max_snippet":"","_custom_article_jsonld":"","_custom_howto_jsonld":"","_custom_schema_jsonld":"{\"@type\": \"WebApplication\", \"@id\": \"https:\/\/www.colomio.com\/da\/lav-din-egen-kalender-pdf#webapp\", \"name\": \"Kalenderv\u00e6rkt\u00f8j\", \"url\": \"https:\/\/www.colomio.com\/da\/lav-din-egen-kalender-pdf\", \"description\": \"Opret din egen fotokalender med redigerbare skabeloner. Tilpas layout, farver og indhold, og udskriv din kalender gratis som PDF.\", \"applicationCategory\": \"DesignApplication\", \"operatingSystem\": \"All\", \"browserRequirements\": \"Requires JavaScript. Requires HTML5.\", \"offers\": {\"@type\": \"Offer\", \"price\": \"0\", \"priceCurrency\": \"EUR\"}, \"featureList\": [\"Opret fotokalender\", \"Redigerbare skabeloner\", \"PDF-eksport\", \"Upload dine egne billeder\", \"Brugerdefinerede farver og layouts\", \"M\u00e5neds-, \u00e5rs- og ugeplanl\u00e6ggere\"], \"inLanguage\": \"da\", \"isAccessibleForFree\": true, \"creator\": {\"@type\": \"Organization\", \"@id\": \"https:\/\/www.colomio.com\/#organization\"}}","category-page":true,"footnotes":""},"class_list":["post-27175","page","type-page","status-publish"],"yoast_head":"<!-- This site is optimized with the Yoast SEO plugin v27.2 - https:\/\/yoast.com\/product\/yoast-seo-wordpress\/ -->\n<title>Redigerbar kalender \u2013 Gratis tilpassede kalenderskabeloner<\/title>\n<meta name=\"description\" content=\"Lav din egen kalender 2026 med redigerbare skabeloner. Tilpas, print og download med vores kalendergenerator.\" \/>\n<meta name=\"robots\" content=\"index, follow, max-snippet:-1, max-image-preview:large, max-video-preview:-1\" \/>\n<link rel=\"canonical\" href=\"https:\/\/www.colomio.com\/da\/lav-din-egen-kalender-pdf\" \/>\n<meta property=\"og:locale\" content=\"da_DK\" \/>\n<meta property=\"og:type\" content=\"article\" \/>\n<meta property=\"og:title\" content=\"Redigerbar kalender \u2013 Gratis tilpassede kalenderskabeloner\" \/>\n<meta property=\"og:description\" content=\"Lav din egen kalender 2026 med redigerbare skabeloner. Tilpas, print og download med vores kalendergenerator.\" \/>\n<meta property=\"og:url\" content=\"https:\/\/www.colomio.com\/da\/lav-din-egen-kalender-pdf\" \/>\n<meta property=\"og:site_name\" content=\"www.colomio.com\" \/>\n<meta property=\"article:modified_time\" content=\"2026-04-21T14:37:39+00:00\" \/>\n<meta name=\"twitter:card\" content=\"summary_large_image\" \/>\n<meta name=\"twitter:label1\" content=\"Estimeret l\u00e6setid\" \/>\n\t<meta name=\"twitter:data1\" content=\"2 minutter\" \/>\n<script type=\"application\/ld+json\" class=\"yoast-schema-graph\">{\"@context\":\"https:\/\/schema.org\",\"@graph\":[{\"@type\":\"WebPage\",\"@id\":\"https:\/\/www.colomio.com\/da\/lav-din-egen-kalender-pdf\",\"url\":\"https:\/\/www.colomio.com\/da\/lav-din-egen-kalender-pdf\",\"name\":\"Redigerbar kalender \u2013 Gratis tilpassede kalenderskabeloner\",\"isPartOf\":{\"@id\":\"https:\/\/www.colomio.com\/da#website\"},\"datePublished\":\"2025-11-11T10:19:06+00:00\",\"dateModified\":\"2026-04-21T14:37:39+00:00\",\"description\":\"Lav din egen kalender 2026 med redigerbare skabeloner. Tilpas, print og download med vores kalendergenerator.\",\"breadcrumb\":{\"@id\":\"https:\/\/www.colomio.com\/da\/lav-din-egen-kalender-pdf#breadcrumb\"},\"inLanguage\":\"da-DK\",\"potentialAction\":[{\"@type\":\"ReadAction\",\"target\":[\"https:\/\/www.colomio.com\/da\/lav-din-egen-kalender-pdf\"]}]},{\"@type\":\"BreadcrumbList\",\"@id\":\"https:\/\/www.colomio.com\/da\/lav-din-egen-kalender-pdf#breadcrumb\",\"itemListElement\":[{\"@type\":\"ListItem\",\"position\":1,\"name\":\"Home\",\"item\":\"https:\/\/www.colomio.com\/da\"},{\"@type\":\"ListItem\",\"position\":2,\"name\":\"Redigerbar kalender\"}]},{\"@type\":\"WebSite\",\"@id\":\"https:\/\/www.colomio.com\/da#website\",\"url\":\"https:\/\/www.colomio.com\/da\",\"name\":\"www.colomio.com\",\"description\":\"\",\"publisher\":{\"@id\":\"https:\/\/www.colomio.com\/da#organization\"},\"potentialAction\":[{\"@type\":\"SearchAction\",\"target\":{\"@type\":\"EntryPoint\",\"urlTemplate\":\"https:\/\/www.colomio.com\/da?s={search_term_string}\"},\"query-input\":{\"@type\":\"PropertyValueSpecification\",\"valueRequired\":true,\"valueName\":\"search_term_string\"}}],\"inLanguage\":\"da-DK\"},{\"@type\":\"Organization\",\"@id\":\"https:\/\/www.colomio.com\/da#organization\",\"name\":\"colomio\",\"url\":\"https:\/\/www.colomio.com\/da\",\"logo\":{\"@type\":\"ImageObject\",\"inLanguage\":\"da-DK\",\"@id\":\"https:\/\/www.colomio.com\/da#\/schema\/logo\/image\/\",\"url\":\"https:\/\/www.colomio.com\/wp-content\/uploads\/2025\/02\/cropped-colomio-logo.png?wsr\",\"contentUrl\":\"https:\/\/www.colomio.com\/wp-content\/uploads\/2025\/02\/cropped-colomio-logo.png?wsr\",\"width\":373,\"height\":98,\"caption\":\"www.colomio.com\"},\"image\":{\"@id\":\"https:\/\/www.colomio.com\/da#\/schema\/logo\/image\/\"},\"sameAs\":[\"https:\/\/www.instagram.com\/colomio.team\/\",\"https:\/\/de.pinterest.com\/happycolorz_colomio\/\",\"https:\/\/www.pinterest.com\/happycolorz_colomio\/\",\"https:\/\/www.muminthemadhouse.com\/custom-ai-colouring-pages-for-kids\/\",\"https:\/\/slummysinglemummy.com\/2026\/03\/05\/rainy-afternoons-just-got-a-lot-more-creative-discovering-colomio\/\",\"https:\/\/www.amazon.com\/Horses-Coloring-Book-pages-reprint\/dp\/1707878994\",\"https:\/\/www.prnewswire.com\/news-releases\/colomiocom-launches-a-free-customizable-coloring-book-for-home-printing-301162753.html\",\"https:\/\/www.linkedin.com\/in\/mathias-ziegler-b6068568\/\"],\"alternateName\":\"colomio.com\",\"foundingDate\":\"2019\",\"description\":\"Free printable coloring pages, step-by-step drawing tutorials, and creative crafts for kids \u2013 created by parents, tested by children.\",\"address\":{\"@type\":\"PostalAddress\",\"streetAddress\":\"Zeppelinstr. 73\",\"addressLocality\":\"Munich\",\"postalCode\":\"81669\",\"addressRegion\":\"Bavaria\",\"addressCountry\":\"DE\"},\"parentOrganization\":{\"@type\":\"Organization\",\"name\":\"happycolorz GmbH\",\"url\":\"https:\/\/www.happycolorz.de\"},\"founder\":[{\"@type\":\"Person\",\"@id\":\"https:\/\/www.colomio.com\/da#mathias\/\",\"name\":\"Mathias Ziegler\",\"jobTitle\":\"Founder & Managing Director\",\"url\":\"https:\/\/www.colomio.com\/da\/authors\/colomio-team\"}]}]}<\/script>\n<!-- \/ Yoast SEO plugin. -->","yoast_head_json":{"title":"Redigerbar kalender \u2013 Gratis tilpassede kalenderskabeloner","description":"Lav din egen kalender 2026 med redigerbare skabeloner. Tilpas, print og download med vores kalendergenerator.","robots":{"index":"index","follow":"follow","max-snippet":"max-snippet:-1","max-image-preview":"max-image-preview:large","max-video-preview":"max-video-preview:-1"},"canonical":"https:\/\/www.colomio.com\/da\/lav-din-egen-kalender-pdf","og_locale":"da_DK","og_type":"article","og_title":"Redigerbar kalender \u2013 Gratis tilpassede kalenderskabeloner","og_description":"Lav din egen kalender 2026 med redigerbare skabeloner. Tilpas, print og download med vores kalendergenerator.","og_url":"https:\/\/www.colomio.com\/da\/lav-din-egen-kalender-pdf","og_site_name":"www.colomio.com","article_modified_time":"2026-04-21T14:37:39+00:00","twitter_card":"summary_large_image","twitter_misc":{"Estimeret l\u00e6setid":"2 minutter"},"schema":{"@context":"https:\/\/schema.org","@graph":[{"@type":"WebPage","@id":"https:\/\/www.colomio.com\/da\/lav-din-egen-kalender-pdf","url":"https:\/\/www.colomio.com\/da\/lav-din-egen-kalender-pdf","name":"Redigerbar kalender \u2013 Gratis tilpassede kalenderskabeloner","isPartOf":{"@id":"https:\/\/www.colomio.com\/da#website"},"datePublished":"2025-11-11T10:19:06+00:00","dateModified":"2026-04-21T14:37:39+00:00","description":"Lav din egen kalender 2026 med redigerbare skabeloner. Tilpas, print og download med vores kalendergenerator.","breadcrumb":{"@id":"https:\/\/www.colomio.com\/da\/lav-din-egen-kalender-pdf#breadcrumb"},"inLanguage":"da-DK","potentialAction":[{"@type":"ReadAction","target":["https:\/\/www.colomio.com\/da\/lav-din-egen-kalender-pdf"]}]},{"@type":"BreadcrumbList","@id":"https:\/\/www.colomio.com\/da\/lav-din-egen-kalender-pdf#breadcrumb","itemListElement":[{"@type":"ListItem","position":1,"name":"Home","item":"https:\/\/www.colomio.com\/da"},{"@type":"ListItem","position":2,"name":"Redigerbar kalender"}]},{"@type":"WebSite","@id":"https:\/\/www.colomio.com\/da#website","url":"https:\/\/www.colomio.com\/da","name":"www.colomio.com","description":"","publisher":{"@id":"https:\/\/www.colomio.com\/da#organization"},"potentialAction":[{"@type":"SearchAction","target":{"@type":"EntryPoint","urlTemplate":"https:\/\/www.colomio.com\/da?s={search_term_string}"},"query-input":{"@type":"PropertyValueSpecification","valueRequired":true,"valueName":"search_term_string"}}],"inLanguage":"da-DK"},{"@type":"Organization","@id":"https:\/\/www.colomio.com\/da#organization","name":"colomio","url":"https:\/\/www.colomio.com\/da","logo":{"@type":"ImageObject","inLanguage":"da-DK","@id":"https:\/\/www.colomio.com\/da#\/schema\/logo\/image\/","url":"https:\/\/www.colomio.com\/wp-content\/uploads\/2025\/02\/cropped-colomio-logo.png?wsr","contentUrl":"https:\/\/www.colomio.com\/wp-content\/uploads\/2025\/02\/cropped-colomio-logo.png?wsr","width":373,"height":98,"caption":"www.colomio.com"},"image":{"@id":"https:\/\/www.colomio.com\/da#\/schema\/logo\/image\/"},"sameAs":["https:\/\/www.instagram.com\/colomio.team\/","https:\/\/de.pinterest.com\/happycolorz_colomio\/","https:\/\/www.pinterest.com\/happycolorz_colomio\/","https:\/\/www.muminthemadhouse.com\/custom-ai-colouring-pages-for-kids\/","https:\/\/slummysinglemummy.com\/2026\/03\/05\/rainy-afternoons-just-got-a-lot-more-creative-discovering-colomio\/","https:\/\/www.amazon.com\/Horses-Coloring-Book-pages-reprint\/dp\/1707878994","https:\/\/www.prnewswire.com\/news-releases\/colomiocom-launches-a-free-customizable-coloring-book-for-home-printing-301162753.html","https:\/\/www.linkedin.com\/in\/mathias-ziegler-b6068568\/"],"alternateName":"colomio.com","foundingDate":"2019","description":"Free printable coloring pages, step-by-step drawing tutorials, and creative crafts for kids \u2013 created by parents, tested by children.","address":{"@type":"PostalAddress","streetAddress":"Zeppelinstr. 73","addressLocality":"Munich","postalCode":"81669","addressRegion":"Bavaria","addressCountry":"DE"},"parentOrganization":{"@type":"Organization","name":"happycolorz GmbH","url":"https:\/\/www.happycolorz.de"},"founder":[{"@type":"Person","@id":"https:\/\/www.colomio.com\/da#mathias\/","name":"Mathias Ziegler","jobTitle":"Founder & Managing Director","url":"https:\/\/www.colomio.com\/da\/authors\/colomio-team"}]}]}},"_links":{"self":[{"href":"https:\/\/www.colomio.com\/da\/wp-json\/wp\/v2\/pages\/27175","targetHints":{"allow":["GET"]}}],"collection":[{"href":"https:\/\/www.colomio.com\/da\/wp-json\/wp\/v2\/pages"}],"about":[{"href":"https:\/\/www.colomio.com\/da\/wp-json\/wp\/v2\/types\/page"}],"author":[{"embeddable":true,"href":"https:\/\/www.colomio.com\/da\/wp-json\/wp\/v2\/users\/4"}],"replies":[{"embeddable":true,"href":"https:\/\/www.colomio.com\/da\/wp-json\/wp\/v2\/comments?post=27175"}],"version-history":[{"count":6,"href":"https:\/\/www.colomio.com\/da\/wp-json\/wp\/v2\/pages\/27175\/revisions"}],"predecessor-version":[{"id":83087,"href":"https:\/\/www.colomio.com\/da\/wp-json\/wp\/v2\/pages\/27175\/revisions\/83087"}],"wp:attachment":[{"href":"https:\/\/www.colomio.com\/da\/wp-json\/wp\/v2\/media?parent=27175"}],"curies":[{"name":"wp","href":"https:\/\/api.w.org\/{rel}","templated":true}]}}