{"id":27177,"date":"2025-11-11T10:19:06","date_gmt":"2025-11-11T10:19:06","guid":{"rendered":"https:\/\/www.colomio.com\/?page_id=27177"},"modified":"2026-04-21 14:43:13","modified_gmt":"2026-04-21T14:43:13","slug":"tee-oma-kalenteri-pdf","status":"publish","type":"page","link":"https:\/\/www.colomio.com\/fi\/tee-oma-kalenteri-pdf","title":{"rendered":"Muokattava kalenteri: ilmaiset mallit oman suunnitelman luomiseen"},"content":{"rendered":"\n<style>.dat2 {display: none;} .separate-containers .inside-article {background-color: #f8fafc;}<\/style><script src=\"https:\/\/calendar-creator-production.up.railway.app\/embed.js\" async><\/script>\n<div\n  data-calendar-creator\n  data-ui-locale=\"fi\"\n  data-brand=\"colomio\"\n  data-locale=\"fi\"\n  data-country=\"fi\"\n  data-year=\"2026\"\n  data-range-mode=\"range\"\n  data-from=\"2026-01\"\n  data-to=\"2026-12\"\n  data-layout=\"modern\"\n  data-weekday-labels=\"short\"\n  data-week-start=\"mon\"\n  data-week-numbers=\"off\"\n  data-holidays=\"off\"\n  data-notes=\"off\"\n  data-margin=\"10\"\n><\/div>\n\n\n\n<p><strong>Muokattava kalenteri 2026<\/strong> tarjoaa t\u00e4ydellisen vapauden suunnitella vuosi omalla tavallasi \u2014 t\u00f6ihin, opiskeluun, perheelle tai henkil\u00f6kohtaisiin projekteihin.<\/p>\n\n\n\n<h2 class=\"wp-block-heading\"><strong>Luo oma kuvakalenteri ja tulosta se kotona<\/strong><\/h2>\n\n\n\n<p>Ty\u00f6kalumme avulla voit my\u00f6s luoda t\u00e4ysin oman <strong>kuvakalenterin<\/strong>, mik\u00e4 on yksi k\u00e4ytt\u00e4jien suosikkitoiminnoista. Voit ladata omia valokuviasi, valita mieluisan asettelun, s\u00e4\u00e4t\u00e4\u00e4 v\u00e4rej\u00e4 ja suunnitella jokaisen kuukauden juuri sellaiseksi kuin haluat. Olipa kyse perhekuvista, matkakuvista, lemmikeist\u00e4 tai yrityskuvista, tuloksena on laadukas ja ainutlaatuinen kalenteri.<\/p>\n\n\n\n<p>Voit lis\u00e4t\u00e4 yhden kuvan kuukaudessa, tehd\u00e4 kuvakollaaseja tai valita pelkistetyn ja minimalistisen ilmeen. Kaikki kalenteripohjat ovat t\u00e4ysin muokattavissa \u2014 lis\u00e4\u00e4 t\u00e4rkeit\u00e4 p\u00e4ivi\u00e4, syntym\u00e4p\u00e4ivi\u00e4, muistiinpanoja ja tavoitteita. Voit itse m\u00e4\u00e4ritt\u00e4\u00e4 ulkoasun, suunnan ja tyylin.<\/p>\n\n\n\n<p>Kun kalenteri on valmis, voit ladata sen korkearesoluutioisena PDF-tiedostona ja <strong>tulostaa kuvakalenterin kotona<\/strong> tai tulostuspalvelussa. Se sopii t\u00e4ydellisesti lahjaksi, perhekalenteriksi, yritysk\u00e4ytt\u00f6\u00f6n tai omaksi vuosiprojektiksi. Ty\u00f6kalumme avulla kuvakalenterin luominen ja tulostaminen on helppoa, nopeaa ja t\u00e4ysin muokattavissa.<\/p>\n\n\n\n<hr class=\"wp-block-separator has-alpha-channel-opacity\"\/>\n\n\n\n<h2 class=\"wp-block-heading\"><strong>Miksi k\u00e4ytt\u00e4\u00e4 muokattavaa kalenteria?<\/strong><\/h2>\n\n\n\n<p>Voit:<\/p>\n\n\n\n<ul class=\"wp-block-list\">\n<li>lis\u00e4t\u00e4 muistiinpanoja,<\/li>\n\n\n\n<li>muuttaa v\u00e4rej\u00e4 ja fontteja,<\/li>\n\n\n\n<li>muokata ulkoasua,<\/li>\n\n\n\n<li>lis\u00e4t\u00e4 muistutuksia,<\/li>\n\n\n\n<li>rakentaa t\u00e4ysin oman j\u00e4rjestelm\u00e4n.<\/li>\n<\/ul>\n\n\n\n<hr class=\"wp-block-separator has-alpha-channel-opacity\"\/>\n\n\n\n<h2 class=\"wp-block-heading\"><strong>R\u00e4\u00e4t\u00e4l\u00f6ity kalenteri 2026<\/strong><\/h2>\n\n\n\n<p><strong>R\u00e4\u00e4t\u00e4l\u00f6ity kalenteri 2026<\/strong> antaa mahdollisuuden lis\u00e4t\u00e4 juhlap\u00e4ivi\u00e4, tavoitteita, tapaamisia ja kuvia.<\/p>\n\n\n\n<hr class=\"wp-block-separator has-alpha-channel-opacity\"\/>\n\n\n\n<h2 class=\"wp-block-heading\"><strong>Muokattavat kalenteripohjat<\/strong><\/h2>\n\n\n\n<p>Tarjolla on:<\/p>\n\n\n\n<ul class=\"wp-block-list\">\n<li>kuukausikalentereita,<\/li>\n\n\n\n<li>vuosikalentereita,<\/li>\n\n\n\n<li>viikkosuunnitelmia,<\/li>\n\n\n\n<li>pystysuoria ja vaakamalleja.<\/li>\n<\/ul>\n\n\n\n<p><strong>Tyhj\u00e4 kalenteripohja<\/strong> sopii t\u00e4ydelliseen vapaaseen suunnitteluun.<\/p>\n\n\n\n<hr class=\"wp-block-separator has-alpha-channel-opacity\"\/>\n\n\n\n<h2 class=\"wp-block-heading\"><strong>Luo kalenteri helposti<\/strong><\/h2>\n\n\n\n<p>K\u00e4yt\u00e4 <strong>kalenterin luontity\u00f6kalua<\/strong>:<\/p>\n\n\n\n<ol class=\"wp-block-list\">\n<li>Valitse malli<\/li>\n\n\n\n<li>Mukauta v\u00e4rit<\/li>\n\n\n\n<li>Lis\u00e4\u00e4 tapahtumat<\/li>\n\n\n\n<li>Lis\u00e4\u00e4 kuvat<\/li>\n\n\n\n<li>Lataa ja tulosta<\/li>\n<\/ol>\n\n\n\n<hr class=\"wp-block-separator has-alpha-channel-opacity\"\/>\n\n\n\n<h2 class=\"wp-block-heading\"><strong>Tulosta oma kalenterisi<\/strong><\/h2>\n\n\n\n<p>Voit <strong>tulostaa oman kalenterisi<\/strong> kotona tai painossa.<\/p>\n\n\n\n<hr class=\"wp-block-separator has-alpha-channel-opacity\"\/>\n\n\n\n<h2 class=\"wp-block-heading\"><strong>Ilmainen muokattava kalenteri<\/strong><\/h2>\n\n\n\n<p>Saatavilla on useita <strong>ilmaisia muokattavia kalentereita<\/strong>.<\/p>\n","protected":false},"excerpt":{"rendered":"<p>Muokattava kalenteri 2026 tarjoaa t\u00e4ydellisen vapauden suunnitella vuosi omalla tavallasi \u2014 t\u00f6ihin, opiskeluun, perheelle tai henkil\u00f6kohtaisiin projekteihin. Luo oma kuvakalenteri ja tulosta se kotona Ty\u00f6kalumme avulla voit my\u00f6s luoda t\u00e4ysin oman kuvakalenterin, mik\u00e4 on yksi k\u00e4ytt\u00e4jien suosikkitoiminnoista. Voit ladata omia valokuviasi, valita mieluisan asettelun, s\u00e4\u00e4t\u00e4\u00e4 v\u00e4rej\u00e4 ja suunnitella jokaisen kuukauden juuri sellaiseksi kuin haluat. Olipa &#8230; <a title=\"Muokattava kalenteri: ilmaiset mallit oman suunnitelman luomiseen\" class=\"read-more\" href=\"https:\/\/www.colomio.com\/fi\/tee-oma-kalenteri-pdf\" aria-label=\"Lue lis\u00e4\u00e4 aiheesta Muokattava kalenteri: ilmaiset mallit oman suunnitelman luomiseen\">Lue lis\u00e4\u00e4<\/a><\/p>\n","protected":false},"author":4,"featured_media":0,"parent":0,"menu_order":0,"comment_status":"closed","ping_status":"closed","template":"","meta":{"_yoast_wpseo_title":"Muokattava kalenteri \u2013 Ilmaiset kalenterimallit ja kalenterinluontity\u00f6kalu","_yoast_wpseo_metadesc":"Luo oma kalenteri 2026 muokattavilla kalenteripohjilla. Mukauta, tulosta ja lataa ilmaiseksi kalenterintekij\u00e4n avulla.","_yoast_wpseo_bctitle":"Muokattava kalenteri","_colomio_max_video_preview":"","_colomio_max_image_preview":"","_colomio_max_snippet":"","_custom_article_jsonld":"","_custom_howto_jsonld":"","_custom_schema_jsonld":"{\"@type\": \"WebApplication\", \"@id\": \"https:\/\/www.colomio.com\/fi\/tee-oma-kalenteri-pdf#webapp\", \"name\": \"Kalenterity\u00f6kalu\", \"url\": \"https:\/\/www.colomio.com\/fi\/tee-oma-kalenteri-pdf\", \"description\": \"Luo oma valokuvakalenteri muokattavilla malleilla. Mukauta ulkoasu, v\u00e4rit ja sis\u00e4lt\u00f6 ja tulosta kalenterisi ilmaiseksi PDF-muodossa.\", \"applicationCategory\": \"DesignApplication\", \"operatingSystem\": \"All\", \"browserRequirements\": \"Requires JavaScript. Requires HTML5.\", \"offers\": {\"@type\": \"Offer\", \"price\": \"0\", \"priceCurrency\": \"EUR\"}, \"featureList\": [\"Valokuvakalenterin luominen\", \"Muokattavat mallit\", \"PDF-vienti\", \"Omien kuvien lataaminen\", \"Mukautetut v\u00e4rit ja asettelut\", \"Kuukausi-, vuosi- ja viikkosuunnittelijat\"], \"inLanguage\": \"fi\", \"isAccessibleForFree\": true, \"creator\": {\"@type\": \"Organization\", \"@id\": \"https:\/\/www.colomio.com\/#organization\"}}","category-page":true,"footnotes":""},"class_list":["post-27177","page","type-page","status-publish"],"yoast_head":"<!-- This site is optimized with the Yoast SEO plugin v27.2 - https:\/\/yoast.com\/product\/yoast-seo-wordpress\/ -->\n<title>Muokattava kalenteri \u2013 Ilmaiset kalenterimallit ja kalenterinluontity\u00f6kalu<\/title>\n<meta name=\"description\" content=\"Luo oma kalenteri 2026 muokattavilla kalenteripohjilla. Mukauta, tulosta ja lataa ilmaiseksi kalenterintekij\u00e4n avulla.\" \/>\n<meta name=\"robots\" content=\"index, follow, max-snippet:-1, max-image-preview:large, max-video-preview:-1\" \/>\n<link rel=\"canonical\" href=\"https:\/\/www.colomio.com\/fi\/tee-oma-kalenteri-pdf\" \/>\n<meta property=\"og:locale\" content=\"fi_FI\" \/>\n<meta property=\"og:type\" content=\"article\" \/>\n<meta property=\"og:title\" content=\"Muokattava kalenteri \u2013 Ilmaiset kalenterimallit ja kalenterinluontity\u00f6kalu\" \/>\n<meta property=\"og:description\" content=\"Luo oma kalenteri 2026 muokattavilla kalenteripohjilla. Mukauta, tulosta ja lataa ilmaiseksi kalenterintekij\u00e4n avulla.\" \/>\n<meta property=\"og:url\" content=\"https:\/\/www.colomio.com\/fi\/tee-oma-kalenteri-pdf\" \/>\n<meta property=\"og:site_name\" content=\"www.colomio.com\" \/>\n<meta property=\"article:modified_time\" content=\"2026-04-21T14:43:13+00:00\" \/>\n<meta name=\"twitter:card\" content=\"summary_large_image\" \/>\n<meta name=\"twitter:label1\" content=\"Arvioitu lukuaika\" \/>\n\t<meta name=\"twitter:data1\" content=\"2 minuuttia\" \/>\n<script type=\"application\/ld+json\" class=\"yoast-schema-graph\">{\"@context\":\"https:\/\/schema.org\",\"@graph\":[{\"@type\":\"WebPage\",\"@id\":\"https:\/\/www.colomio.com\/fi\/tee-oma-kalenteri-pdf\",\"url\":\"https:\/\/www.colomio.com\/fi\/tee-oma-kalenteri-pdf\",\"name\":\"Muokattava kalenteri \u2013 Ilmaiset kalenterimallit ja kalenterinluontity\u00f6kalu\",\"isPartOf\":{\"@id\":\"https:\/\/www.colomio.com\/fi#website\"},\"datePublished\":\"2025-11-11T10:19:06+00:00\",\"dateModified\":\"2026-04-21T14:43:13+00:00\",\"description\":\"Luo oma kalenteri 2026 muokattavilla kalenteripohjilla. Mukauta, tulosta ja lataa ilmaiseksi kalenterintekij\u00e4n avulla.\",\"breadcrumb\":{\"@id\":\"https:\/\/www.colomio.com\/fi\/tee-oma-kalenteri-pdf#breadcrumb\"},\"inLanguage\":\"fi\",\"potentialAction\":[{\"@type\":\"ReadAction\",\"target\":[\"https:\/\/www.colomio.com\/fi\/tee-oma-kalenteri-pdf\"]}]},{\"@type\":\"BreadcrumbList\",\"@id\":\"https:\/\/www.colomio.com\/fi\/tee-oma-kalenteri-pdf#breadcrumb\",\"itemListElement\":[{\"@type\":\"ListItem\",\"position\":1,\"name\":\"Home\",\"item\":\"https:\/\/www.colomio.com\/fi\"},{\"@type\":\"ListItem\",\"position\":2,\"name\":\"Muokattava kalenteri\"}]},{\"@type\":\"WebSite\",\"@id\":\"https:\/\/www.colomio.com\/fi#website\",\"url\":\"https:\/\/www.colomio.com\/fi\",\"name\":\"www.colomio.com\",\"description\":\"\",\"publisher\":{\"@id\":\"https:\/\/www.colomio.com\/fi#organization\"},\"potentialAction\":[{\"@type\":\"SearchAction\",\"target\":{\"@type\":\"EntryPoint\",\"urlTemplate\":\"https:\/\/www.colomio.com\/fi?s={search_term_string}\"},\"query-input\":{\"@type\":\"PropertyValueSpecification\",\"valueRequired\":true,\"valueName\":\"search_term_string\"}}],\"inLanguage\":\"fi\"},{\"@type\":\"Organization\",\"@id\":\"https:\/\/www.colomio.com\/fi#organization\",\"name\":\"colomio\",\"url\":\"https:\/\/www.colomio.com\/fi\",\"logo\":{\"@type\":\"ImageObject\",\"inLanguage\":\"fi\",\"@id\":\"https:\/\/www.colomio.com\/fi#\/schema\/logo\/image\/\",\"url\":\"https:\/\/www.colomio.com\/wp-content\/uploads\/2025\/02\/cropped-colomio-logo.png?wsr\",\"contentUrl\":\"https:\/\/www.colomio.com\/wp-content\/uploads\/2025\/02\/cropped-colomio-logo.png?wsr\",\"width\":373,\"height\":98,\"caption\":\"www.colomio.com\"},\"image\":{\"@id\":\"https:\/\/www.colomio.com\/fi#\/schema\/logo\/image\/\"},\"sameAs\":[\"https:\/\/www.instagram.com\/colomio.team\/\",\"https:\/\/de.pinterest.com\/happycolorz_colomio\/\",\"https:\/\/www.pinterest.com\/happycolorz_colomio\/\",\"https:\/\/www.muminthemadhouse.com\/custom-ai-colouring-pages-for-kids\/\",\"https:\/\/slummysinglemummy.com\/2026\/03\/05\/rainy-afternoons-just-got-a-lot-more-creative-discovering-colomio\/\",\"https:\/\/www.amazon.com\/Horses-Coloring-Book-pages-reprint\/dp\/1707878994\",\"https:\/\/www.prnewswire.com\/news-releases\/colomiocom-launches-a-free-customizable-coloring-book-for-home-printing-301162753.html\",\"https:\/\/www.linkedin.com\/in\/mathias-ziegler-b6068568\/\"],\"alternateName\":\"colomio.com\",\"foundingDate\":\"2019\",\"description\":\"Free printable coloring pages, step-by-step drawing tutorials, and creative crafts for kids \u2013 created by parents, tested by children.\",\"address\":{\"@type\":\"PostalAddress\",\"streetAddress\":\"Zeppelinstr. 73\",\"addressLocality\":\"Munich\",\"postalCode\":\"81669\",\"addressRegion\":\"Bavaria\",\"addressCountry\":\"DE\"},\"parentOrganization\":{\"@type\":\"Organization\",\"name\":\"happycolorz GmbH\",\"url\":\"https:\/\/www.happycolorz.de\"},\"founder\":[{\"@type\":\"Person\",\"@id\":\"https:\/\/www.colomio.com\/fi#mathias\/\",\"name\":\"Mathias Ziegler\",\"jobTitle\":\"Founder & Managing Director\",\"url\":\"https:\/\/www.colomio.com\/fi\/authors\/colomio-team\"}]}]}<\/script>\n<!-- \/ Yoast SEO plugin. -->","yoast_head_json":{"title":"Muokattava kalenteri \u2013 Ilmaiset kalenterimallit ja kalenterinluontity\u00f6kalu","description":"Luo oma kalenteri 2026 muokattavilla kalenteripohjilla. Mukauta, tulosta ja lataa ilmaiseksi kalenterintekij\u00e4n avulla.","robots":{"index":"index","follow":"follow","max-snippet":"max-snippet:-1","max-image-preview":"max-image-preview:large","max-video-preview":"max-video-preview:-1"},"canonical":"https:\/\/www.colomio.com\/fi\/tee-oma-kalenteri-pdf","og_locale":"fi_FI","og_type":"article","og_title":"Muokattava kalenteri \u2013 Ilmaiset kalenterimallit ja kalenterinluontity\u00f6kalu","og_description":"Luo oma kalenteri 2026 muokattavilla kalenteripohjilla. Mukauta, tulosta ja lataa ilmaiseksi kalenterintekij\u00e4n avulla.","og_url":"https:\/\/www.colomio.com\/fi\/tee-oma-kalenteri-pdf","og_site_name":"www.colomio.com","article_modified_time":"2026-04-21T14:43:13+00:00","twitter_card":"summary_large_image","twitter_misc":{"Arvioitu lukuaika":"2 minuuttia"},"schema":{"@context":"https:\/\/schema.org","@graph":[{"@type":"WebPage","@id":"https:\/\/www.colomio.com\/fi\/tee-oma-kalenteri-pdf","url":"https:\/\/www.colomio.com\/fi\/tee-oma-kalenteri-pdf","name":"Muokattava kalenteri \u2013 Ilmaiset kalenterimallit ja kalenterinluontity\u00f6kalu","isPartOf":{"@id":"https:\/\/www.colomio.com\/fi#website"},"datePublished":"2025-11-11T10:19:06+00:00","dateModified":"2026-04-21T14:43:13+00:00","description":"Luo oma kalenteri 2026 muokattavilla kalenteripohjilla. Mukauta, tulosta ja lataa ilmaiseksi kalenterintekij\u00e4n avulla.","breadcrumb":{"@id":"https:\/\/www.colomio.com\/fi\/tee-oma-kalenteri-pdf#breadcrumb"},"inLanguage":"fi","potentialAction":[{"@type":"ReadAction","target":["https:\/\/www.colomio.com\/fi\/tee-oma-kalenteri-pdf"]}]},{"@type":"BreadcrumbList","@id":"https:\/\/www.colomio.com\/fi\/tee-oma-kalenteri-pdf#breadcrumb","itemListElement":[{"@type":"ListItem","position":1,"name":"Home","item":"https:\/\/www.colomio.com\/fi"},{"@type":"ListItem","position":2,"name":"Muokattava kalenteri"}]},{"@type":"WebSite","@id":"https:\/\/www.colomio.com\/fi#website","url":"https:\/\/www.colomio.com\/fi","name":"www.colomio.com","description":"","publisher":{"@id":"https:\/\/www.colomio.com\/fi#organization"},"potentialAction":[{"@type":"SearchAction","target":{"@type":"EntryPoint","urlTemplate":"https:\/\/www.colomio.com\/fi?s={search_term_string}"},"query-input":{"@type":"PropertyValueSpecification","valueRequired":true,"valueName":"search_term_string"}}],"inLanguage":"fi"},{"@type":"Organization","@id":"https:\/\/www.colomio.com\/fi#organization","name":"colomio","url":"https:\/\/www.colomio.com\/fi","logo":{"@type":"ImageObject","inLanguage":"fi","@id":"https:\/\/www.colomio.com\/fi#\/schema\/logo\/image\/","url":"https:\/\/www.colomio.com\/wp-content\/uploads\/2025\/02\/cropped-colomio-logo.png?wsr","contentUrl":"https:\/\/www.colomio.com\/wp-content\/uploads\/2025\/02\/cropped-colomio-logo.png?wsr","width":373,"height":98,"caption":"www.colomio.com"},"image":{"@id":"https:\/\/www.colomio.com\/fi#\/schema\/logo\/image\/"},"sameAs":["https:\/\/www.instagram.com\/colomio.team\/","https:\/\/de.pinterest.com\/happycolorz_colomio\/","https:\/\/www.pinterest.com\/happycolorz_colomio\/","https:\/\/www.muminthemadhouse.com\/custom-ai-colouring-pages-for-kids\/","https:\/\/slummysinglemummy.com\/2026\/03\/05\/rainy-afternoons-just-got-a-lot-more-creative-discovering-colomio\/","https:\/\/www.amazon.com\/Horses-Coloring-Book-pages-reprint\/dp\/1707878994","https:\/\/www.prnewswire.com\/news-releases\/colomiocom-launches-a-free-customizable-coloring-book-for-home-printing-301162753.html","https:\/\/www.linkedin.com\/in\/mathias-ziegler-b6068568\/"],"alternateName":"colomio.com","foundingDate":"2019","description":"Free printable coloring pages, step-by-step drawing tutorials, and creative crafts for kids \u2013 created by parents, tested by children.","address":{"@type":"PostalAddress","streetAddress":"Zeppelinstr. 73","addressLocality":"Munich","postalCode":"81669","addressRegion":"Bavaria","addressCountry":"DE"},"parentOrganization":{"@type":"Organization","name":"happycolorz GmbH","url":"https:\/\/www.happycolorz.de"},"founder":[{"@type":"Person","@id":"https:\/\/www.colomio.com\/fi#mathias\/","name":"Mathias Ziegler","jobTitle":"Founder & Managing Director","url":"https:\/\/www.colomio.com\/fi\/authors\/colomio-team"}]}]}},"_links":{"self":[{"href":"https:\/\/www.colomio.com\/fi\/wp-json\/wp\/v2\/pages\/27177","targetHints":{"allow":["GET"]}}],"collection":[{"href":"https:\/\/www.colomio.com\/fi\/wp-json\/wp\/v2\/pages"}],"about":[{"href":"https:\/\/www.colomio.com\/fi\/wp-json\/wp\/v2\/types\/page"}],"author":[{"embeddable":true,"href":"https:\/\/www.colomio.com\/fi\/wp-json\/wp\/v2\/users\/4"}],"replies":[{"embeddable":true,"href":"https:\/\/www.colomio.com\/fi\/wp-json\/wp\/v2\/comments?post=27177"}],"version-history":[{"count":7,"href":"https:\/\/www.colomio.com\/fi\/wp-json\/wp\/v2\/pages\/27177\/revisions"}],"predecessor-version":[{"id":83089,"href":"https:\/\/www.colomio.com\/fi\/wp-json\/wp\/v2\/pages\/27177\/revisions\/83089"}],"wp:attachment":[{"href":"https:\/\/www.colomio.com\/fi\/wp-json\/wp\/v2\/media?parent=27177"}],"curies":[{"name":"wp","href":"https:\/\/api.w.org\/{rel}","templated":true}]}}