{"id":3422,"date":"2025-02-21T11:02:52","date_gmt":"2025-02-21T11:02:52","guid":{"rendered":"https:\/\/www.colomio.com\/coloriage\/nature\/fruits-et-legumes\/pomme"},"modified":"2026-04-21 14:49:03","modified_gmt":"2026-04-21T14:49:03","slug":"pomme","status":"publish","type":"page","link":"https:\/\/www.colomio.com\/fr\/coloriage\/nature\/fruits-et-legumes\/pomme","title":{"rendered":"Juteux et acidul\u00e9 : coloriez une pomme rouge ou verte"},"content":{"rendered":"<p>Que ce soit avec un ver souriant, sur une branche ou dans un panier, il existe un coloriage de pomme \u00e0 imprimer gratuit adapt\u00e9 \u00e0 tous les niveaux. Les d\u00e9butants appr\u00e9cieront les surfaces simples et larges, tandis que les artistes plus exp\u00e9riment\u00e9s s&rsquo;attaqueront aux designs d\u00e9taill\u00e9s. Chaque dessin \u00e0 colorier combine plaisir et apprentissage : les enfants d\u00e9veloppent leur motricit\u00e9 fine et leur coordination \u0153il-main en respectant les contours et en utilisant diff\u00e9rents outils de dessin. Ces activit\u00e9s ludiques et formatrices pr\u00e9parent vos enfants \u00e0 l\u2019\u00e9cole et au-del\u00e0, sans donner l\u2019impression de travailler.<\/p>\n<div class=\"paintings\">\n<div class=\"grid grid-cols-1 sm:grid-cols-2 md:grid-cols-2 lg:grid-cols-4 gap-6\">\n<figure class=\"bg-white shadow-md rounded-lg overflow-hidden\">\n      <a href=\"#\" rel=\"nofollow\" class=\"malvorlage-link\" data-image=\"https:\/\/media.colomio.com\/t\/500x500\/nature\/fruits-and-vegetables\/apple\/apple-with-stem-and-leaf.png\">\n      <picture><source \nsrcset=\"https:\/\/media.colomio.com\/t\/webp\/300x300\/nature\/fruits-and-vegetables\/apple\/apple-with-stem-and-leaf.webp 300w,\n                        https:\/\/media.colomio.com\/t\/webp\/500x500\/nature\/fruits-and-vegetables\/apple\/apple-with-stem-and-leaf.webp 500w,\n                        https:\/\/media.colomio.com\/t\/webp\/800x800\/nature\/fruits-and-vegetables\/apple\/apple-with-stem-and-leaf.webp 800w\"\n          sizes=\"(max-width: 600px) 300px,\n                 (max-width: 900px) 500px,\n                 800px\"\n          type=\"image\/webp\"\n        ><source \nsrcset=\"https:\/\/media.colomio.com\/t\/300x300\/nature\/fruits-and-vegetables\/apple\/apple-with-stem-and-leaf.png 300w,\n                        https:\/\/media.colomio.com\/t\/500x500\/nature\/fruits-and-vegetables\/apple\/apple-with-stem-and-leaf.png 500w,\n                        https:\/\/media.colomio.com\/t\/800x800\/nature\/fruits-and-vegetables\/apple\/apple-with-stem-and-leaf.png 800w\"\n          sizes=\"(max-width: 600px) 300px,\n                 (max-width: 900px) 500px,\n                 800px\"\n          type=\"image\/png\"\n        ><br \/>\n        <img\n          decoding=\"async\"\n          src=\"https:\/\/media.colomio.com\/t\/500x500\/nature\/fruits-and-vegetables\/apple\/apple-with-stem-and-leaf.png\"\n          alt=\"Coloriage de pomme avec tige et feuille.\"\n          class=\"w-full h-64 md:h-48 object-contain\"\n          title=\"Coloriage de pomme avec tige et feuille \u00e0 imprimer\"\n          loading=\"lazy\"\n          itemprop=\"contentUrl\"\n        >\n      <\/picture>\n    <\/a><figcaption class=\"p-4 text-gray-600 text-center\">\n<a href=\"#\" rel=\"nofollow\" class=\"malvorlage-link\" data-image=\"https:\/\/media.colomio.com\/t\/500x500\/nature\/fruits-and-vegetables\/apple\/apple-with-stem-and-leaf.png\">Pomme avec tige et feuille<\/a>      <\/figcaption><\/figure>\n<figure class=\"bg-white shadow-md rounded-lg overflow-hidden\">\n      <a href=\"#\" rel=\"nofollow\" class=\"malvorlage-link\" data-image=\"https:\/\/media.colomio.com\/t\/500x500\/nature\/fruits-and-vegetables\/apple\/halved-apple.png\">\n      <picture><source \nsrcset=\"https:\/\/media.colomio.com\/t\/webp\/300x300\/nature\/fruits-and-vegetables\/apple\/halved-apple.webp 300w,\n                        https:\/\/media.colomio.com\/t\/webp\/500x500\/nature\/fruits-and-vegetables\/apple\/halved-apple.webp 500w,\n                        https:\/\/media.colomio.com\/t\/webp\/800x800\/nature\/fruits-and-vegetables\/apple\/halved-apple.webp 800w\"\n          sizes=\"(max-width: 600px) 300px,\n                 (max-width: 900px) 500px,\n                 800px\"\n          type=\"image\/webp\"\n        ><source \nsrcset=\"https:\/\/media.colomio.com\/t\/300x300\/nature\/fruits-and-vegetables\/apple\/halved-apple.png 300w,\n                        https:\/\/media.colomio.com\/t\/500x500\/nature\/fruits-and-vegetables\/apple\/halved-apple.png 500w,\n                        https:\/\/media.colomio.com\/t\/800x800\/nature\/fruits-and-vegetables\/apple\/halved-apple.png 800w\"\n          sizes=\"(max-width: 600px) 300px,\n                 (max-width: 900px) 500px,\n                 800px\"\n          type=\"image\/png\"\n        ><br \/>\n        <img\n          decoding=\"async\"\n          src=\"https:\/\/media.colomio.com\/t\/500x500\/nature\/fruits-and-vegetables\/apple\/halved-apple.png\"\n          alt=\"Coloriage de pomme coup\u00e9e en deux.\"\n          class=\"w-full h-64 md:h-48 object-contain\"\n          title=\"Coloriage de pomme coup\u00e9e en deux \u00e0 imprimer\"\n          loading=\"lazy\"\n          itemprop=\"contentUrl\"\n        >\n      <\/picture>\n    <\/a><figcaption class=\"p-4 text-gray-600 text-center\">\n<a href=\"#\" rel=\"nofollow\" class=\"malvorlage-link\" data-image=\"https:\/\/media.colomio.com\/t\/500x500\/nature\/fruits-and-vegetables\/apple\/halved-apple.png\">Pomme coup\u00e9e en deux<\/a>      <\/figcaption><\/figure>\n<figure class=\"bg-white shadow-md rounded-lg overflow-hidden\">\n      <a href=\"#\" rel=\"nofollow\" class=\"malvorlage-link\" data-image=\"https:\/\/media.colomio.com\/t\/500x500\/nature\/fruits-and-vegetables\/apple\/bunch-of-apples.png\">\n      <picture><source \nsrcset=\"https:\/\/media.colomio.com\/t\/webp\/300x300\/nature\/fruits-and-vegetables\/apple\/bunch-of-apples.webp 300w,\n                        https:\/\/media.colomio.com\/t\/webp\/500x500\/nature\/fruits-and-vegetables\/apple\/bunch-of-apples.webp 500w,\n                        https:\/\/media.colomio.com\/t\/webp\/800x800\/nature\/fruits-and-vegetables\/apple\/bunch-of-apples.webp 800w\"\n          sizes=\"(max-width: 600px) 300px,\n                 (max-width: 900px) 500px,\n                 800px\"\n          type=\"image\/webp\"\n        ><source \nsrcset=\"https:\/\/media.colomio.com\/t\/300x300\/nature\/fruits-and-vegetables\/apple\/bunch-of-apples.png 300w,\n                        https:\/\/media.colomio.com\/t\/500x500\/nature\/fruits-and-vegetables\/apple\/bunch-of-apples.png 500w,\n                        https:\/\/media.colomio.com\/t\/800x800\/nature\/fruits-and-vegetables\/apple\/bunch-of-apples.png 800w\"\n          sizes=\"(max-width: 600px) 300px,\n                 (max-width: 900px) 500px,\n                 800px\"\n          type=\"image\/png\"\n        ><br \/>\n        <img\n          decoding=\"async\"\n          src=\"https:\/\/media.colomio.com\/t\/500x500\/nature\/fruits-and-vegetables\/apple\/bunch-of-apples.png\"\n          alt=\"Coloriage de grappe de pommes.\"\n          class=\"w-full h-64 md:h-48 object-contain\"\n          title=\"Coloriage de grappe de pommes \u00e0 imprimer\"\n          loading=\"lazy\"\n          itemprop=\"contentUrl\"\n        >\n      <\/picture>\n    <\/a><figcaption class=\"p-4 text-gray-600 text-center\">\n<a href=\"#\" rel=\"nofollow\" class=\"malvorlage-link\" data-image=\"https:\/\/media.colomio.com\/t\/500x500\/nature\/fruits-and-vegetables\/apple\/bunch-of-apples.png\">Grappe de pommes<\/a>      <\/figcaption><\/figure>\n<figure class=\"bg-white shadow-md rounded-lg overflow-hidden\">\n      <a href=\"#\" rel=\"nofollow\" class=\"malvorlage-link\" data-image=\"https:\/\/media.colomio.com\/t\/500x500\/nature\/fruits-and-vegetables\/apple\/apples-in-a-basket.png\">\n      <picture><source \nsrcset=\"https:\/\/media.colomio.com\/t\/webp\/300x300\/nature\/fruits-and-vegetables\/apple\/apples-in-a-basket.webp 300w,\n                        https:\/\/media.colomio.com\/t\/webp\/500x500\/nature\/fruits-and-vegetables\/apple\/apples-in-a-basket.webp 500w,\n                        https:\/\/media.colomio.com\/t\/webp\/800x800\/nature\/fruits-and-vegetables\/apple\/apples-in-a-basket.webp 800w\"\n          sizes=\"(max-width: 600px) 300px,\n                 (max-width: 900px) 500px,\n                 800px\"\n          type=\"image\/webp\"\n        ><source \nsrcset=\"https:\/\/media.colomio.com\/t\/300x300\/nature\/fruits-and-vegetables\/apple\/apples-in-a-basket.png 300w,\n                        https:\/\/media.colomio.com\/t\/500x500\/nature\/fruits-and-vegetables\/apple\/apples-in-a-basket.png 500w,\n                        https:\/\/media.colomio.com\/t\/800x800\/nature\/fruits-and-vegetables\/apple\/apples-in-a-basket.png 800w\"\n          sizes=\"(max-width: 600px) 300px,\n                 (max-width: 900px) 500px,\n                 800px\"\n          type=\"image\/png\"\n        ><br \/>\n        <img\n          decoding=\"async\"\n          src=\"https:\/\/media.colomio.com\/t\/500x500\/nature\/fruits-and-vegetables\/apple\/apples-in-a-basket.png\"\n          alt=\"Coloriage gratuit de pommes dans un panier.\"\n          class=\"w-full h-64 md:h-48 object-contain\"\n          title=\"Coloriage gratuit de pommes dans un panier \u00e0 imprimer\"\n          loading=\"lazy\"\n          itemprop=\"contentUrl\"\n        >\n      <\/picture>\n    <\/a><figcaption class=\"p-4 text-gray-600 text-center\">\n<a href=\"#\" rel=\"nofollow\" class=\"malvorlage-link\" data-image=\"https:\/\/media.colomio.com\/t\/500x500\/nature\/fruits-and-vegetables\/apple\/apples-in-a-basket.png\">Pommes dans un panier<\/a>      <\/figcaption><\/figure>\n<\/p><\/div>\n\n<\/div>\n","protected":false},"excerpt":{"rendered":"<p>Que ce soit avec un ver souriant, sur une branche ou dans un panier, il existe un coloriage de pomme \u00e0 imprimer gratuit adapt\u00e9 \u00e0 tous les niveaux. Les d\u00e9butants appr\u00e9cieront les surfaces simples et larges, tandis que les artistes plus exp\u00e9riment\u00e9s s&rsquo;attaqueront aux designs d\u00e9taill\u00e9s. Chaque dessin \u00e0 colorier combine plaisir et apprentissage : &#8230; <a title=\"Juteux et acidul\u00e9 : coloriez une pomme rouge ou verte\" class=\"read-more\" href=\"https:\/\/www.colomio.com\/fr\/coloriage\/nature\/fruits-et-legumes\/pomme\" aria-label=\"En savoir plus sur Juteux et acidul\u00e9 : coloriez une pomme rouge ou verte\">Lire la suite<\/a><\/p>\n","protected":false},"author":4,"featured_media":0,"parent":3419,"menu_order":0,"comment_status":"closed","ping_status":"closed","template":"","meta":{"_yoast_wpseo_title":"\u27a4 Imprime ton coloriage de pomme gratuit pour t\u2019amuser d\u00e8s maintenant!","_yoast_wpseo_metadesc":"Coloriages de pommes \u27a4 Pommes coup\u00e9es et dans le panier \u2714 avec kiwis \u2714 raisins \u2714 bananes & plus de coloriages gratuits \u00e0 imprimer \u270e d\u00e9couvrez colomio.","_yoast_wpseo_bctitle":"Pomme","_colomio_max_video_preview":"","_colomio_max_image_preview":"","_colomio_max_snippet":"","_custom_article_jsonld":"","_custom_howto_jsonld":"","_custom_schema_jsonld":"","category-page":true,"footnotes":""},"class_list":["post-3422","page","type-page","status-publish"],"yoast_head":"<!-- This site is optimized with the Yoast SEO plugin v27.2 - https:\/\/yoast.com\/product\/yoast-seo-wordpress\/ -->\n<title>\u27a4 Imprime ton coloriage de pomme gratuit pour t\u2019amuser d\u00e8s maintenant!<\/title>\n<meta name=\"description\" content=\"Coloriages de pommes \u27a4 Pommes coup\u00e9es et dans le panier \u2714 avec kiwis \u2714 raisins \u2714 bananes &amp; plus de coloriages gratuits \u00e0 imprimer \u270e d\u00e9couvrez colomio.\" \/>\n<meta name=\"robots\" content=\"index, follow, max-snippet:-1, max-image-preview:large, max-video-preview:-1\" \/>\n<link rel=\"canonical\" href=\"https:\/\/www.colomio.com\/fr\/coloriage\/nature\/fruits-et-legumes\/pomme\" \/>\n<meta property=\"og:locale\" content=\"fr_FR\" \/>\n<meta property=\"og:type\" content=\"article\" \/>\n<meta property=\"og:title\" content=\"\u27a4 Imprime ton coloriage de pomme gratuit pour t\u2019amuser d\u00e8s maintenant!\" \/>\n<meta property=\"og:description\" content=\"Coloriages de pommes \u27a4 Pommes coup\u00e9es et dans le panier \u2714 avec kiwis \u2714 raisins \u2714 bananes &amp; plus de coloriages gratuits \u00e0 imprimer \u270e d\u00e9couvrez colomio.\" \/>\n<meta property=\"og:url\" content=\"https:\/\/www.colomio.com\/fr\/coloriage\/nature\/fruits-et-legumes\/pomme\" \/>\n<meta property=\"og:site_name\" content=\"www.colomio.com\" \/>\n<meta property=\"article:modified_time\" content=\"2026-04-21T14:49:03+00:00\" \/>\n<meta name=\"twitter:card\" content=\"summary_large_image\" \/>\n<meta name=\"twitter:label1\" content=\"Dur\u00e9e de lecture estim\u00e9e\" \/>\n\t<meta name=\"twitter:data1\" content=\"2 minutes\" \/>\n<script type=\"application\/ld+json\" class=\"yoast-schema-graph\">{\"@context\":\"https:\/\/schema.org\",\"@graph\":[{\"@type\":\"WebPage\",\"@id\":\"https:\/\/www.colomio.com\/fr\/coloriage\/nature\/fruits-et-legumes\/pomme\",\"url\":\"https:\/\/www.colomio.com\/fr\/coloriage\/nature\/fruits-et-legumes\/pomme\",\"name\":\"\u27a4 Imprime ton coloriage de pomme gratuit pour t\u2019amuser d\u00e8s maintenant!\",\"isPartOf\":{\"@id\":\"https:\/\/www.colomio.com\/fr#website\"},\"datePublished\":\"2025-02-21T11:02:52+00:00\",\"dateModified\":\"2026-04-21T14:49:03+00:00\",\"description\":\"Coloriages de pommes \u27a4 Pommes coup\u00e9es et dans le panier \u2714 avec kiwis \u2714 raisins \u2714 bananes & plus de coloriages gratuits \u00e0 imprimer \u270e d\u00e9couvrez colomio.\",\"breadcrumb\":{\"@id\":\"https:\/\/www.colomio.com\/fr\/coloriage\/nature\/fruits-et-legumes\/pomme#breadcrumb\"},\"inLanguage\":\"fr-FR\",\"potentialAction\":[{\"@type\":\"ReadAction\",\"target\":[\"https:\/\/www.colomio.com\/fr\/coloriage\/nature\/fruits-et-legumes\/pomme\"]}]},{\"@type\":\"BreadcrumbList\",\"@id\":\"https:\/\/www.colomio.com\/fr\/coloriage\/nature\/fruits-et-legumes\/pomme#breadcrumb\",\"itemListElement\":[{\"@type\":\"ListItem\",\"position\":1,\"name\":\"Home\",\"item\":\"https:\/\/www.colomio.com\/fr\"},{\"@type\":\"ListItem\",\"position\":2,\"name\":\"Coloriages\",\"item\":\"https:\/\/www.colomio.com\/fr\/coloriage\"},{\"@type\":\"ListItem\",\"position\":3,\"name\":\"Nature\",\"item\":\"https:\/\/www.colomio.com\/fr\/coloriage\/nature\"},{\"@type\":\"ListItem\",\"position\":4,\"name\":\"Fruits et l\u00e9gumes\",\"item\":\"https:\/\/www.colomio.com\/fr\/coloriage\/nature\/fruits-et-legumes\"},{\"@type\":\"ListItem\",\"position\":5,\"name\":\"Pomme\"}]},{\"@type\":\"WebSite\",\"@id\":\"https:\/\/www.colomio.com\/fr#website\",\"url\":\"https:\/\/www.colomio.com\/fr\",\"name\":\"www.colomio.com\",\"description\":\"\",\"publisher\":{\"@id\":\"https:\/\/www.colomio.com\/fr#organization\"},\"potentialAction\":[{\"@type\":\"SearchAction\",\"target\":{\"@type\":\"EntryPoint\",\"urlTemplate\":\"https:\/\/www.colomio.com\/fr?s={search_term_string}\"},\"query-input\":{\"@type\":\"PropertyValueSpecification\",\"valueRequired\":true,\"valueName\":\"search_term_string\"}}],\"inLanguage\":\"fr-FR\"},{\"@type\":\"Organization\",\"@id\":\"https:\/\/www.colomio.com\/fr#organization\",\"name\":\"colomio\",\"url\":\"https:\/\/www.colomio.com\/fr\",\"logo\":{\"@type\":\"ImageObject\",\"inLanguage\":\"fr-FR\",\"@id\":\"https:\/\/www.colomio.com\/fr#\/schema\/logo\/image\/\",\"url\":\"https:\/\/www.colomio.com\/wp-content\/uploads\/2025\/02\/cropped-colomio-logo.png?wsr\",\"contentUrl\":\"https:\/\/www.colomio.com\/wp-content\/uploads\/2025\/02\/cropped-colomio-logo.png?wsr\",\"width\":373,\"height\":98,\"caption\":\"www.colomio.com\"},\"image\":{\"@id\":\"https:\/\/www.colomio.com\/fr#\/schema\/logo\/image\/\"},\"sameAs\":[\"https:\/\/www.instagram.com\/colomio.team\/\",\"https:\/\/de.pinterest.com\/happycolorz_colomio\/\",\"https:\/\/www.pinterest.com\/happycolorz_colomio\/\",\"https:\/\/www.muminthemadhouse.com\/custom-ai-colouring-pages-for-kids\/\",\"https:\/\/slummysinglemummy.com\/2026\/03\/05\/rainy-afternoons-just-got-a-lot-more-creative-discovering-colomio\/\",\"https:\/\/www.amazon.com\/Horses-Coloring-Book-pages-reprint\/dp\/1707878994\",\"https:\/\/www.prnewswire.com\/news-releases\/colomiocom-launches-a-free-customizable-coloring-book-for-home-printing-301162753.html\",\"https:\/\/www.linkedin.com\/in\/mathias-ziegler-b6068568\/\"],\"alternateName\":\"colomio.com\",\"foundingDate\":\"2019\",\"description\":\"Free printable coloring pages, step-by-step drawing tutorials, and creative crafts for kids \u2013 created by parents, tested by children.\",\"address\":{\"@type\":\"PostalAddress\",\"streetAddress\":\"Zeppelinstr. 73\",\"addressLocality\":\"Munich\",\"postalCode\":\"81669\",\"addressRegion\":\"Bavaria\",\"addressCountry\":\"DE\"},\"parentOrganization\":{\"@type\":\"Organization\",\"name\":\"happycolorz GmbH\",\"url\":\"https:\/\/www.happycolorz.de\"},\"founder\":[{\"@type\":\"Person\",\"@id\":\"https:\/\/www.colomio.com\/fr#mathias\/\",\"name\":\"Mathias Ziegler\",\"jobTitle\":\"Founder & Managing Director\",\"url\":\"https:\/\/www.colomio.com\/fr\/authors\/colomio-team\"}]}]}<\/script>\n<!-- \/ Yoast SEO plugin. -->","yoast_head_json":{"title":"\u27a4 Imprime ton coloriage de pomme gratuit pour t\u2019amuser d\u00e8s maintenant!","description":"Coloriages de pommes \u27a4 Pommes coup\u00e9es et dans le panier \u2714 avec kiwis \u2714 raisins \u2714 bananes & plus de coloriages gratuits \u00e0 imprimer \u270e d\u00e9couvrez colomio.","robots":{"index":"index","follow":"follow","max-snippet":"max-snippet:-1","max-image-preview":"max-image-preview:large","max-video-preview":"max-video-preview:-1"},"canonical":"https:\/\/www.colomio.com\/fr\/coloriage\/nature\/fruits-et-legumes\/pomme","og_locale":"fr_FR","og_type":"article","og_title":"\u27a4 Imprime ton coloriage de pomme gratuit pour t\u2019amuser d\u00e8s maintenant!","og_description":"Coloriages de pommes \u27a4 Pommes coup\u00e9es et dans le panier \u2714 avec kiwis \u2714 raisins \u2714 bananes & plus de coloriages gratuits \u00e0 imprimer \u270e d\u00e9couvrez colomio.","og_url":"https:\/\/www.colomio.com\/fr\/coloriage\/nature\/fruits-et-legumes\/pomme","og_site_name":"www.colomio.com","article_modified_time":"2026-04-21T14:49:03+00:00","twitter_card":"summary_large_image","twitter_misc":{"Dur\u00e9e de lecture estim\u00e9e":"2 minutes"},"schema":{"@context":"https:\/\/schema.org","@graph":[{"@type":"WebPage","@id":"https:\/\/www.colomio.com\/fr\/coloriage\/nature\/fruits-et-legumes\/pomme","url":"https:\/\/www.colomio.com\/fr\/coloriage\/nature\/fruits-et-legumes\/pomme","name":"\u27a4 Imprime ton coloriage de pomme gratuit pour t\u2019amuser d\u00e8s maintenant!","isPartOf":{"@id":"https:\/\/www.colomio.com\/fr#website"},"datePublished":"2025-02-21T11:02:52+00:00","dateModified":"2026-04-21T14:49:03+00:00","description":"Coloriages de pommes \u27a4 Pommes coup\u00e9es et dans le panier \u2714 avec kiwis \u2714 raisins \u2714 bananes & plus de coloriages gratuits \u00e0 imprimer \u270e d\u00e9couvrez colomio.","breadcrumb":{"@id":"https:\/\/www.colomio.com\/fr\/coloriage\/nature\/fruits-et-legumes\/pomme#breadcrumb"},"inLanguage":"fr-FR","potentialAction":[{"@type":"ReadAction","target":["https:\/\/www.colomio.com\/fr\/coloriage\/nature\/fruits-et-legumes\/pomme"]}]},{"@type":"BreadcrumbList","@id":"https:\/\/www.colomio.com\/fr\/coloriage\/nature\/fruits-et-legumes\/pomme#breadcrumb","itemListElement":[{"@type":"ListItem","position":1,"name":"Home","item":"https:\/\/www.colomio.com\/fr"},{"@type":"ListItem","position":2,"name":"Coloriages","item":"https:\/\/www.colomio.com\/fr\/coloriage"},{"@type":"ListItem","position":3,"name":"Nature","item":"https:\/\/www.colomio.com\/fr\/coloriage\/nature"},{"@type":"ListItem","position":4,"name":"Fruits et l\u00e9gumes","item":"https:\/\/www.colomio.com\/fr\/coloriage\/nature\/fruits-et-legumes"},{"@type":"ListItem","position":5,"name":"Pomme"}]},{"@type":"WebSite","@id":"https:\/\/www.colomio.com\/fr#website","url":"https:\/\/www.colomio.com\/fr","name":"www.colomio.com","description":"","publisher":{"@id":"https:\/\/www.colomio.com\/fr#organization"},"potentialAction":[{"@type":"SearchAction","target":{"@type":"EntryPoint","urlTemplate":"https:\/\/www.colomio.com\/fr?s={search_term_string}"},"query-input":{"@type":"PropertyValueSpecification","valueRequired":true,"valueName":"search_term_string"}}],"inLanguage":"fr-FR"},{"@type":"Organization","@id":"https:\/\/www.colomio.com\/fr#organization","name":"colomio","url":"https:\/\/www.colomio.com\/fr","logo":{"@type":"ImageObject","inLanguage":"fr-FR","@id":"https:\/\/www.colomio.com\/fr#\/schema\/logo\/image\/","url":"https:\/\/www.colomio.com\/wp-content\/uploads\/2025\/02\/cropped-colomio-logo.png?wsr","contentUrl":"https:\/\/www.colomio.com\/wp-content\/uploads\/2025\/02\/cropped-colomio-logo.png?wsr","width":373,"height":98,"caption":"www.colomio.com"},"image":{"@id":"https:\/\/www.colomio.com\/fr#\/schema\/logo\/image\/"},"sameAs":["https:\/\/www.instagram.com\/colomio.team\/","https:\/\/de.pinterest.com\/happycolorz_colomio\/","https:\/\/www.pinterest.com\/happycolorz_colomio\/","https:\/\/www.muminthemadhouse.com\/custom-ai-colouring-pages-for-kids\/","https:\/\/slummysinglemummy.com\/2026\/03\/05\/rainy-afternoons-just-got-a-lot-more-creative-discovering-colomio\/","https:\/\/www.amazon.com\/Horses-Coloring-Book-pages-reprint\/dp\/1707878994","https:\/\/www.prnewswire.com\/news-releases\/colomiocom-launches-a-free-customizable-coloring-book-for-home-printing-301162753.html","https:\/\/www.linkedin.com\/in\/mathias-ziegler-b6068568\/"],"alternateName":"colomio.com","foundingDate":"2019","description":"Free printable coloring pages, step-by-step drawing tutorials, and creative crafts for kids \u2013 created by parents, tested by children.","address":{"@type":"PostalAddress","streetAddress":"Zeppelinstr. 73","addressLocality":"Munich","postalCode":"81669","addressRegion":"Bavaria","addressCountry":"DE"},"parentOrganization":{"@type":"Organization","name":"happycolorz GmbH","url":"https:\/\/www.happycolorz.de"},"founder":[{"@type":"Person","@id":"https:\/\/www.colomio.com\/fr#mathias\/","name":"Mathias Ziegler","jobTitle":"Founder & Managing Director","url":"https:\/\/www.colomio.com\/fr\/authors\/colomio-team"}]}]}},"_links":{"self":[{"href":"https:\/\/www.colomio.com\/fr\/wp-json\/wp\/v2\/pages\/3422","targetHints":{"allow":["GET"]}}],"collection":[{"href":"https:\/\/www.colomio.com\/fr\/wp-json\/wp\/v2\/pages"}],"about":[{"href":"https:\/\/www.colomio.com\/fr\/wp-json\/wp\/v2\/types\/page"}],"author":[{"embeddable":true,"href":"https:\/\/www.colomio.com\/fr\/wp-json\/wp\/v2\/users\/4"}],"replies":[{"embeddable":true,"href":"https:\/\/www.colomio.com\/fr\/wp-json\/wp\/v2\/comments?post=3422"}],"version-history":[{"count":2,"href":"https:\/\/www.colomio.com\/fr\/wp-json\/wp\/v2\/pages\/3422\/revisions"}],"predecessor-version":[{"id":51761,"href":"https:\/\/www.colomio.com\/fr\/wp-json\/wp\/v2\/pages\/3422\/revisions\/51761"}],"up":[{"embeddable":true,"href":"https:\/\/www.colomio.com\/fr\/wp-json\/wp\/v2\/pages\/3419"}],"wp:attachment":[{"href":"https:\/\/www.colomio.com\/fr\/wp-json\/wp\/v2\/media?parent=3422"}],"curies":[{"name":"wp","href":"https:\/\/api.w.org\/{rel}","templated":true}]}}