{"id":126650,"date":"2025-12-04T15:29:23","date_gmt":"2025-12-04T15:29:23","guid":{"rendered":"https:\/\/www.colomio.com\/?page_id=126650"},"modified":"2026-04-21 14:55:51","modified_gmt":"2026-04-21T14:55:51","slug":"terms","status":"publish","type":"page","link":"https:\/\/www.colomio.com\/pl\/terms","title":{"rendered":"Warunki korzystania"},"content":{"rendered":"\n<style>.page-author  {display: none !important;}<\/style>\n\n\n\n<p>Niniejsze Warunki korzystania reguluj\u0105 korzystanie z us\u0142ugi oferowanej na tej stronie internetowej w celu tworzenia kolorowanek generowanych przez sztuczn\u0105 inteligencj\u0119, przekszta\u0142cania przes\u0142anych obraz\u00f3w w kolorowanki oraz korzystania z internetowego narz\u0119dzia do kolorowania (\u0142\u0105cznie \u201eUs\u0142uga\u201d). Korzystaj\u0105c z Us\u0142ugi, u\u017cytkownik akceptuje niniejsze Warunki jako wi\u0105\u017c\u0105ce.<\/p>\n\n\n\n<p><strong>1. Przedmiot Us\u0142ugi<\/strong><\/p>\n\n\n\n<p>(1) Operator udost\u0119pnia us\u0142ug\u0119 online, za po\u015brednictwem kt\u00f3rej u\u017cytkownicy mog\u0105 automatycznie tworzy\u0107 kolorowanki i obrazki do kolorowania na podstawie wpisywanych tekst\u00f3w (\u201eprompty\u201d), a tak\u017ce przekszta\u0142ca\u0107 przes\u0142ane obrazy w kolorowanki.<\/p>\n\n\n\n<p>(2) Tre\u015bci s\u0105 generowane lub przetwarzane automatycznie przez zewn\u0119trzny model AI. Wyniki s\u0105 tworzone automatycznie i mog\u0105 by\u0107 niedok\u0142adne, niekompletne lub nieoczekiwane.<\/p>\n\n\n\n<p>(3) Us\u0142uga jest przeznaczona g\u0142\u00f3wnie dla rodzin i dzieci.<\/p>\n\n\n\n<p>(4) Ponadto operator udost\u0119pnia internetowe narz\u0119dzie do kolorowania dzia\u0142aj\u0105ce w przegl\u0105darce (\u201eNarz\u0119dzie do kolorowania\u201d), kt\u00f3re umo\u017cliwia u\u017cytkownikom cyfrowe kolorowanie, edytowanie, zapisywanie i pobieranie kolorowanek wygenerowanych przez AI, kolorowanek przekszta\u0142conych z przes\u0142anych obraz\u00f3w lub innych kolorowanek udost\u0119pnionych w ramach Us\u0142ugi.<\/p>\n\n\n\n<p><strong>2. Rejestracja, weryfikacja adresu e-mail i konto u\u017cytkownika<\/strong><\/p>\n\n\n\n<p>(1) Do pobierania wygenerowanych lub przekszta\u0142conych obraz\u00f3w oraz do uzyskania dost\u0119pu do osobistej strefy u\u017cytkownika wymagany jest wa\u017cny adres e-mail.<\/p>\n\n\n\n<p>(2) Rejestracja odbywa si\u0119 za pomoc\u0105 jednorazowego linku potwierdzaj\u0105cego (\u201emagic link\u201d).<\/p>\n\n\n\n<p>(3) U\u017cytkownik zobowi\u0105zuje si\u0119 nie podawa\u0107 adres\u00f3w e-mail os\u00f3b trzecich ani adres\u00f3w u\u017cywanych bezprawnie, a w szczeg\u00f3lno\u015bci nie korzysta\u0107 z adres\u00f3w tymczasowych lub jednorazowych, je\u015bli mog\u0142oby to naruszy\u0107 cel lub bezpiecze\u0144stwo Us\u0142ugi.<\/p>\n\n\n\n<p>(4) Operator mo\u017ce zawiesi\u0107 lub usun\u0105\u0107 konto u\u017cytkownika, je\u015bli istniej\u0105 przes\u0142anki wskazuj\u0105ce na nadu\u017cycie, podanie fa\u0142szywych danych lub naruszenie niniejszych Warunk\u00f3w korzystania.<\/p>\n\n\n\n<p>(5) Rejestruj\u0105c si\u0119 w naszej Us\u0142udze, u\u017cytkownik podaje sw\u00f3j adres e-mail w celu korzystania z oferowanych funkcji. W ramach istniej\u0105cej relacji z klientem mo\u017cemy informowa\u0107 u\u017cytkownika poczt\u0105 elektroniczn\u0105 o podobnych w\u0142asnych ofertach, aktualizacjach funkcji lub ulepszeniach naszego generatora kolorowanek AI, o ile jest to dozwolone przez obowi\u0105zuj\u0105ce prawo. U\u017cytkownik mo\u017ce w ka\u017cdej chwili sprzeciwi\u0107 si\u0119 takiemu wykorzystaniu swojego adresu e-mail. W ka\u017cdej wiadomo\u015bci e-mail znajduje si\u0119 odpowiedni link do rezygnacji.<\/p>\n\n\n\n<p><strong>3. Zasady post\u0119powania i zabronione sposoby korzystania<\/strong><\/p>\n\n\n\n<p>(1) Z Us\u0142ugi mo\u017cna korzysta\u0107 wy\u0142\u0105cznie w celach zgodnych z prawem, odpowiednich dla dzieci i nieszkodliwych.<\/p>\n\n\n\n<p>(2) W szczeg\u00f3lno\u015bci u\u017cytkownikom zabrania si\u0119 wpisywania prompt\u00f3w, przesy\u0142ania obraz\u00f3w lub tworzenia tre\u015bci, kt\u00f3re \u017c\u0105daj\u0105, przedstawiaj\u0105 lub promuj\u0105 nast\u0119puj\u0105ce tre\u015bci:<\/p>\n\n\n\n<p>Przemoc, brutalno\u015b\u0107, bro\u0144, sceny wojenne lub walki<\/p>\n\n\n\n<p>Tre\u015bci seksualne, nago\u015b\u0107, erotyka lub akty seksualne<\/p>\n\n\n\n<p>Przedstawianie ma\u0142oletnich w niestosownych lub niebezpiecznych sytuacjach<\/p>\n\n\n\n<p>Tre\u015bci dyskryminuj\u0105ce, antysemickie, rasistowskie, ekstremistyczne lub politycznie radykalne<\/p>\n\n\n\n<p>Dzia\u0142ania nielegalne, nadu\u017cycia, narkotyki lub samookaleczenia<\/p>\n\n\n\n<p>Tre\u015bci znies\u0142awiaj\u0105ce lub naruszaj\u0105ce dobra osobiste rzeczywistych os\u00f3b<\/p>\n\n\n\n<p>Tre\u015bci maj\u0105ce na celu w szczeg\u00f3lno\u015bci na\u015bladowanie utwor\u00f3w chronionych prawem autorskim, znak\u00f3w towarowych lub znanych postaci<\/p>\n\n\n\n<p>(3) U\u017cytkownikowi zabrania si\u0119 r\u00f3wnie\u017c przesy\u0142ania obraz\u00f3w:<\/p>\n\n\n\n<p>a) do kt\u00f3rych nie posiada wymaganych praw lub nie jest w inny spos\u00f3b wystarczaj\u0105co uprawniony do ich u\u017cywania;<\/p>\n\n\n\n<p>b) kt\u00f3re zawieraj\u0105 dane osobowe os\u00f3b trzecich w spos\u00f3b niezgodny z prawem lub bez wystarczaj\u0105cego upowa\u017cnienia;<\/p>\n\n\n\n<p>c) kt\u00f3re zawieraj\u0105 tre\u015bci niezgodne z prawem, obra\u017aliwe, szkodliwe dla ma\u0142oletnich lub w inny spos\u00f3b niedopuszczalne;<\/p>\n\n\n\n<p>d) kt\u00f3re maj\u0105 na celu obchodzenie technicznych \u015brodk\u00f3w ochrony lub mog\u0105 narusza\u0107 bezpiecze\u0144stwo, stabilno\u015b\u0107 lub integralno\u015b\u0107 Us\u0142ugi.<\/p>\n\n\n\n<p>(4) Operator zastrzega sobie prawo do automatycznego lub r\u0119cznego sprawdzania \u017c\u0105da\u0144 i przes\u0142anych tre\u015bci oraz do ich odrzucania w przypadkach niedopuszczalnych.<\/p>\n\n\n\n<p>(5) W przypadku powtarzaj\u0105cych si\u0119 lub powa\u017cnych narusze\u0144 operator mo\u017ce natychmiast zawiesi\u0107 lub trwale zablokowa\u0107 dost\u0119p.<\/p>\n\n\n\n<p><strong>4. Korzystanie z obraz\u00f3w wygenerowanych przez AI i przekszta\u0142conych<\/strong><\/p>\n\n\n\n<p>(1) W zale\u017cno\u015bci od konkretnej formy udost\u0119pnienia operator przyznaje u\u017cytkownikowi proste, niewy\u0142\u0105czne i niezbywalne prawo do korzystania z obraz\u00f3w wygenerowanych przez u\u017cytkownika lub przekszta\u0142conych z obraz\u00f3w przes\u0142anych przez u\u017cytkownika.<\/p>\n\n\n\n<p>(2) Komercyjne wykorzystanie wygenerowanych lub przekszta\u0142conych obraz\u00f3w jest dozwolone wy\u0142\u0105cznie wtedy, gdy zosta\u0142o to wyra\u017anie dopuszczone na stronie internetowej lub w odr\u0119bnych informacjach.<\/p>\n\n\n\n<p>(3) Operator nie gwarantuje, \u017ce tre\u015bci wygenerowane przez AI lub automatycznie przekszta\u0142cone s\u0105 wolne od praw os\u00f3b trzecich. Dane treningowe modelu AI i zautomatyzowane przetwarzanie nie s\u0105 w pe\u0142ni kontrolowane przez operatora; dlatego nie mo\u017cna wykluczy\u0107, \u017ce obrazy b\u0119d\u0105 podobne do chronionych utwor\u00f3w lub \u017ce zostan\u0105 wygenerowane wyniki, kt\u00f3re pod wzgl\u0119dem prawnym lub faktycznym nie spe\u0142niaj\u0105 oczekiwa\u0144 u\u017cytkownika.<\/p>\n\n\n\n<p>(4) U\u017cytkownicy ponosz\u0105 wy\u0142\u0105czn\u0105 odpowiedzialno\u015b\u0107 za korzystanie z wygenerowanych lub przekszta\u0142conych obraz\u00f3w.<\/p>\n\n\n\n<p>(5) W zakresie, w jakim u\u017cytkownik przesy\u0142a obrazy, o\u015bwiadcza, \u017ce posiada niezb\u0119dne prawa do korzystania z nich oraz \u017ce przes\u0142anie, przetwarzanie, przekszta\u0142canie, przechowywanie i u\u017cywanie w ramach Us\u0142ugi nie narusza praw os\u00f3b trzecich.<\/p>\n\n\n\n<p><strong>4a. Korzystanie z internetowego Narz\u0119dzia do kolorowania<\/strong><\/p>\n\n\n\n<p>(1) Internetowe Narz\u0119dzie do kolorowania umo\u017cliwia u\u017cytkownikom cyfrowe kolorowanie kolorowanek bezpo\u015brednio w przegl\u0105darce, wybieranie kolor\u00f3w, wype\u0142nianie obszar\u00f3w i dokonywanie prostych edycji.<\/p>\n\n\n\n<p>(2) Korzystanie z Narz\u0119dzia do kolorowania jest dozwolone wy\u0142\u0105cznie do cel\u00f3w prywatnych, niekomercyjnych, chyba \u017ce wyra\u017anie uzgodniono inaczej lub wskazano inaczej na stronie internetowej.<\/p>\n\n\n\n<p>(3) Obrazy utworzone lub edytowane w Narz\u0119dziu do kolorowania stanowi\u0105 opracowania bazowych kolorowanek. Odpowiednio stosuje si\u0119 prawa do korzystania okre\u015blone w sekcji 4 niniejszych Warunk\u00f3w.<\/p>\n\n\n\n<p>(4) Z Narz\u0119dzia do kolorowania mo\u017cna korzysta\u0107 zar\u00f3wno z obrazami wygenerowanymi przez AI, jak i z kolorowankami przekszta\u0142conymi z przes\u0142anych obraz\u00f3w.<\/p>\n\n\n\n<p>(5) Operator nie gwarantuje, \u017ce obrazy zapisane lub edytowane w Narz\u0119dziu do kolorowania b\u0119d\u0105 stale dost\u0119pne. U\u017cytkownicy s\u0105 odpowiedzialni za terminowe zapisanie lub pobranie swoich wynik\u00f3w.<\/p>\n\n\n\n<p>(6) Narz\u0119dzie do kolorowania nie stanowi profesjonalnego oprogramowania graficznego ani projektowego. U\u017cytkownikowi nie przys\u0142uguje roszczenie o okre\u015blone funkcje, narz\u0119dzia ani bezstratne wy\u015bwietlanie na wszystkich urz\u0105dzeniach.<\/p>\n\n\n\n<p>(7) Operator zastrzega sobie prawo do zmiany, ograniczenia lub zako\u0144czenia funkcji Narz\u0119dzia do kolorowania w dowolnym czasie, w szczeg\u00f3lno\u015bci z powod\u00f3w technicznych, bezpiecze\u0144stwa lub ekonomicznych.<\/p>\n\n\n\n<p><strong>5. Prawa do przechowywania i przetwarzania<\/strong><\/p>\n\n\n\n<p>(1) U\u017cytkownik wyra\u017ca zgod\u0119 na to, \u017ce wprowadzone przez niego prompty, przes\u0142ane obrazy, wygenerowane lub przekszta\u0142cone obrazy oraz dane dotycz\u0105ce korzystania mog\u0105 by\u0107 technicznie przetwarzane i tymczasowo przechowywane lub przechowywane na koncie u\u017cytkownika w celu \u015bwiadczenia Us\u0142ugi, umo\u017cliwienia funkcji konta i historii, ulepszania Us\u0142ugi oraz zapobiegania nadu\u017cyciom.<\/p>\n\n\n\n<p>(2) Udost\u0119pnienie osobom trzecim nast\u0119puje wy\u0142\u0105cznie w zakresie niezb\u0119dnym do technicznego \u015bwiadczenia Us\u0142ugi (np. hosting, dostarczanie e-maili, model AI lub przetwarzanie obraz\u00f3w).<\/p>\n\n\n\n<p>(3) Przes\u0142ane obrazy mog\u0105 by\u0107 przekazywane zewn\u0119trznym dostawcom us\u0142ug technicznych w zakresie niezb\u0119dnym do przekszta\u0142cenia ich w kolorowanki lub do \u015bwiadczenia Us\u0142ugi.<\/p>\n\n\n\n<p>(4) Dalsze informacje zawiera odr\u0119bna Polityka prywatno\u015bci.<\/p>\n\n\n\n<p>(5) Podczas korzystania z internetowego Narz\u0119dzia do kolorowania stany edycji, informacje o kolorach lub wyniki po\u015brednie mog\u0105 by\u0107 tymczasowo przechowywane w zakresie niezb\u0119dnym do technicznego dzia\u0142ania narz\u0119dzia lub wygody u\u017cytkownika.<\/p>\n\n\n\n<p><strong>6. Odpowiedzialno\u015b\u0107 u\u017cytkownika<\/strong><\/p>\n\n\n\n<p>(1) U\u017cytkownik ponosi odpowiedzialno\u015b\u0107 za wszelkie tre\u015bci, kt\u00f3rych \u017c\u0105da, kt\u00f3re tworzy, przesy\u0142a lub edytuje za po\u015brednictwem Us\u0142ugi.<\/p>\n\n\n\n<p>(2) Rodzice i opiekunowie prawni s\u0105 odpowiedzialni za korzystanie z Us\u0142ugi przez ma\u0142oletnie dzieci i musz\u0105 odpowiednio nadzorowa\u0107 takie korzystanie.<\/p>\n\n\n\n<p>(3) U\u017cytkownik zobowi\u0105zuje si\u0119 nie obchodzi\u0107 ani nie manipulowa\u0107 technicznymi, bezpiecze\u0144stwa lub ochrony ma\u0142oletnich \u015brodkami zabezpieczaj\u0105cymi.<\/p>\n\n\n\n<p>(4) Internetowe Narz\u0119dzie do kolorowania nie mo\u017ce by\u0107 wykorzystywane do tworzenia lub rozpowszechniania tre\u015bci niedopuszczalnych, szkodliwych dla ma\u0142oletnich lub niezgodnych z prawem.<\/p>\n\n\n\n<p>(5) U\u017cytkownik jest odpowiedzialny za sprawdzenie przed przes\u0142aniem obraz\u00f3w, czy jest do tego uprawniony i czy przetwarzanie przedstawionych tre\u015bci jest prawnie dopuszczalne.<\/p>\n\n\n\n<p><strong>7. Dost\u0119pno\u015b\u0107 techniczna<\/strong><\/p>\n\n\n\n<p>(1) Operator dok\u0142ada stara\u0144, aby zapewni\u0107 niezak\u0142\u00f3cone dzia\u0142anie Us\u0142ugi, ale nie gwarantuje dost\u0119pno\u015bci, funkcjonalno\u015bci ani braku b\u0142\u0119d\u00f3w.<\/p>\n\n\n\n<p>(2) Prace konserwacyjne, awarie zewn\u0119trzne (np. modeli AI, us\u0142ug przetwarzania obraz\u00f3w lub infrastruktury), problemy z sieci\u0105 lub si\u0142a wy\u017csza mog\u0105 tymczasowo utrudnia\u0107 korzystanie z Us\u0142ugi.<\/p>\n\n\n\n<p><strong>8. Ochrona przed nadu\u017cyciami, limity i zawieszenia<\/strong><\/p>\n\n\n\n<p>(1) Operator jest uprawniony do stosowania technicznych \u015brodk\u00f3w ochronnych, w szczeg\u00f3lno\u015bci:<\/p>\n\n\n\n<p>limity IP<\/p>\n\n\n\n<p>blokowanie podejrzanego korzystania<\/p>\n\n\n\n<p>wykrywanie spamu i bot\u00f3w<\/p>\n\n\n\n<p>ograniczenia liczby generowanych, przekszta\u0142canych lub edytowanych obraz\u00f3w<\/p>\n\n\n\n<p>(2) Operator mo\u017ce tymczasowo zawiesi\u0107 lub trwale zako\u0144czy\u0107 dost\u0119p, je\u015bli wyst\u0105pi nadu\u017cycie lub zagro\u017cenie dla Us\u0142ugi.<\/p>\n\n\n\n<p><strong>9. Wy\u0142\u0105czenie odpowiedzialno\u015bci<\/strong><\/p>\n\n\n\n<p>(1) Operator ponosi odpowiedzialno\u015b\u0107 za szkody wynikaj\u0105ce z korzystania lub braku mo\u017cliwo\u015bci korzystania z Us\u0142ugi wy\u0142\u0105cznie w przypadku umy\u015blno\u015bci lub ra\u017c\u0105cego niedbalstwa.<\/p>\n\n\n\n<p>(2) Odpowiedzialno\u015b\u0107 za szkody po\u015brednie, utracone zyski lub szkody nast\u0119pcze jest wy\u0142\u0105czona.<\/p>\n\n\n\n<p>(3) Tre\u015bci wygenerowane przez AI, automatycznie przekszta\u0142cone i cyfrowo edytowane mog\u0105 by\u0107 niedok\u0142adne, nieodpowiednie lub wadliwe. Operator nie ponosi za to \u017cadnej odpowiedzialno\u015bci.<\/p>\n\n\n\n<p>(4) Operator nie ponosi odpowiedzialno\u015bci za to, \u017ce obrazy przes\u0142ane przez u\u017cytkownika mog\u0105 zosta\u0107 przetworzone, zapisane lub odtworzone, je\u017celi wzgl\u0119dy techniczne, prawne lub zwi\u0105zane z tre\u015bci\u0105 uniemo\u017cliwiaj\u0105 takie przetwarzanie.<\/p>\n\n\n\n<p><strong>10. Czas obowi\u0105zywania i usuni\u0119cie<\/strong><\/p>\n\n\n\n<p>(1) U\u017cytkownik mo\u017ce w ka\u017cdej chwili za\u017c\u0105da\u0107 usuni\u0119cia swojego konta. Powi\u0105zane tre\u015bci, w szczeg\u00f3lno\u015bci zapisane prompty, przes\u0142ane obrazy, wygenerowane lub przekszta\u0142cone obrazy oraz edycje, zostan\u0105 usuni\u0119te, chyba \u017ce obowi\u0105zuj\u0105ce przepisy nak\u0142adaj\u0105 obowi\u0105zek ich przechowywania.<\/p>\n\n\n\n<p>(2) Operator mo\u017ce usun\u0105\u0107 nieaktywne konta u\u017cytkownik\u00f3w po up\u0142ywie rozs\u0105dnego okresu.<\/p>\n\n\n\n<p>(3) U\u017cytkownikowi nie przys\u0142uguje prawo do przywr\u00f3cenia usuni\u0119tych obraz\u00f3w, edycji ani kont.<\/p>\n\n\n\n<p><strong>11. Zmiany Warunk\u00f3w korzystania<\/strong><\/p>\n\n\n\n<p>(1) Operator zastrzega sobie prawo do zmiany niniejszych Warunk\u00f3w korzystania w dowolnym czasie.<\/p>\n\n\n\n<p>(2) U\u017cytkownicy zostan\u0105 poinformowani o istotnych zmianach w odpowiedni spos\u00f3b.<\/p>\n\n\n\n<p>(3) Dalsze korzystanie po wej\u015bciu zmian w \u017cycie oznacza akceptacj\u0119 nowych Warunk\u00f3w.<\/p>\n\n\n\n<p><strong>12. Postanowienia ko\u0144cowe<\/strong><\/p>\n\n\n\n<p>(1) Zastosowanie ma prawo Republiki Federalnej Niemiec, o ile bezwzgl\u0119dnie obowi\u0105zuj\u0105ce przepisy prawa nie stanowi\u0105 inaczej.<\/p>\n\n\n\n<p>(2) Je\u017celi poszczeg\u00f3lne postanowienia niniejszych Warunk\u00f3w korzystania s\u0105 lub stan\u0105 si\u0119 niewa\u017cne, nie narusza to wa\u017cno\u015bci pozosta\u0142ych postanowie\u0144.<\/p>\n\n\n\n<p>(3) W zakresie dozwolonym przez prawo miejscem w\u0142a\u015bciwo\u015bci s\u0105du jest siedziba operatora.<\/p>\n","protected":false},"excerpt":{"rendered":"<p>Niniejsze Warunki korzystania reguluj\u0105 korzystanie z us\u0142ugi oferowanej na tej stronie internetowej w celu tworzenia kolorowanek generowanych przez sztuczn\u0105 inteligencj\u0119, przekszta\u0142cania przes\u0142anych obraz\u00f3w w kolorowanki oraz korzystania z internetowego narz\u0119dzia do kolorowania (\u0142\u0105cznie \u201eUs\u0142uga\u201d). Korzystaj\u0105c z Us\u0142ugi, u\u017cytkownik akceptuje niniejsze Warunki jako wi\u0105\u017c\u0105ce. 1. Przedmiot Us\u0142ugi (1) Operator udost\u0119pnia us\u0142ug\u0119 online, za po\u015brednictwem kt\u00f3rej u\u017cytkownicy &#8230; <a title=\"Warunki korzystania\" class=\"read-more\" href=\"https:\/\/www.colomio.com\/pl\/terms\" aria-label=\"Read more about Warunki korzystania\">Dowiedz si\u0119 wi\u0119cej<\/a><\/p>\n","protected":false},"author":1,"featured_media":0,"parent":0,"menu_order":0,"comment_status":"closed","ping_status":"closed","template":"","meta":{"_yoast_wpseo_title":"","_yoast_wpseo_metadesc":"","_yoast_wpseo_bctitle":"","_colomio_max_video_preview":"","_colomio_max_image_preview":"","_colomio_max_snippet":"","_custom_article_jsonld":"","_custom_howto_jsonld":"","_custom_schema_jsonld":"","category-page":true,"footnotes":""},"class_list":["post-126650","page","type-page","status-publish"],"yoast_head":"<!-- This site is optimized with the Yoast SEO plugin v27.2 - https:\/\/yoast.com\/product\/yoast-seo-wordpress\/ -->\n<title>Warunki korzystania - www.colomio.com<\/title>\n<meta name=\"robots\" content=\"index, follow, max-snippet:-1, max-image-preview:large, max-video-preview:-1\" \/>\n<link rel=\"canonical\" href=\"https:\/\/www.colomio.com\/pl\/terms\" \/>\n<meta property=\"og:locale\" content=\"pl_PL\" \/>\n<meta property=\"og:type\" content=\"article\" \/>\n<meta property=\"og:title\" content=\"Warunki korzystania - www.colomio.com\" \/>\n<meta property=\"og:description\" content=\"Niniejsze Warunki korzystania reguluj\u0105 korzystanie z us\u0142ugi oferowanej na tej stronie internetowej w celu tworzenia kolorowanek generowanych przez sztuczn\u0105 inteligencj\u0119, przekszta\u0142cania przes\u0142anych obraz\u00f3w w kolorowanki oraz korzystania z internetowego narz\u0119dzia do kolorowania (\u0142\u0105cznie \u201eUs\u0142uga\u201d). Korzystaj\u0105c z Us\u0142ugi, u\u017cytkownik akceptuje niniejsze Warunki jako wi\u0105\u017c\u0105ce. 1. Przedmiot Us\u0142ugi (1) Operator udost\u0119pnia us\u0142ug\u0119 online, za po\u015brednictwem kt\u00f3rej u\u017cytkownicy ... Dowiedz si\u0119 wi\u0119cej\" \/>\n<meta property=\"og:url\" content=\"https:\/\/www.colomio.com\/pl\/terms\" \/>\n<meta property=\"og:site_name\" content=\"www.colomio.com\" \/>\n<meta property=\"article:modified_time\" content=\"2026-04-21T14:55:51+00:00\" \/>\n<meta name=\"twitter:card\" content=\"summary_large_image\" \/>\n<meta name=\"twitter:label1\" content=\"Szacowany czas czytania\" \/>\n\t<meta name=\"twitter:data1\" content=\"9 minut\" \/>\n<script type=\"application\/ld+json\" class=\"yoast-schema-graph\">{\"@context\":\"https:\/\/schema.org\",\"@graph\":[{\"@type\":\"WebPage\",\"@id\":\"https:\/\/www.colomio.com\/pl\/terms\",\"url\":\"https:\/\/www.colomio.com\/pl\/terms\",\"name\":\"Warunki korzystania - www.colomio.com\",\"isPartOf\":{\"@id\":\"https:\/\/www.colomio.com\/pl#website\"},\"datePublished\":\"2025-12-04T15:29:23+00:00\",\"dateModified\":\"2026-04-21T14:55:51+00:00\",\"breadcrumb\":{\"@id\":\"https:\/\/www.colomio.com\/pl\/terms#breadcrumb\"},\"inLanguage\":\"pl-PL\",\"potentialAction\":[{\"@type\":\"ReadAction\",\"target\":[\"https:\/\/www.colomio.com\/pl\/terms\"]}]},{\"@type\":\"BreadcrumbList\",\"@id\":\"https:\/\/www.colomio.com\/pl\/terms#breadcrumb\",\"itemListElement\":[{\"@type\":\"ListItem\",\"position\":1,\"name\":\"Home\",\"item\":\"https:\/\/www.colomio.com\/pl\"},{\"@type\":\"ListItem\",\"position\":2,\"name\":\"Warunki korzystania\"}]},{\"@type\":\"WebSite\",\"@id\":\"https:\/\/www.colomio.com\/pl#website\",\"url\":\"https:\/\/www.colomio.com\/pl\",\"name\":\"www.colomio.com\",\"description\":\"\",\"publisher\":{\"@id\":\"https:\/\/www.colomio.com\/pl#organization\"},\"potentialAction\":[{\"@type\":\"SearchAction\",\"target\":{\"@type\":\"EntryPoint\",\"urlTemplate\":\"https:\/\/www.colomio.com\/pl?s={search_term_string}\"},\"query-input\":{\"@type\":\"PropertyValueSpecification\",\"valueRequired\":true,\"valueName\":\"search_term_string\"}}],\"inLanguage\":\"pl-PL\"},{\"@type\":\"Organization\",\"@id\":\"https:\/\/www.colomio.com\/pl#organization\",\"name\":\"colomio\",\"url\":\"https:\/\/www.colomio.com\/pl\",\"logo\":{\"@type\":\"ImageObject\",\"inLanguage\":\"pl-PL\",\"@id\":\"https:\/\/www.colomio.com\/pl#\/schema\/logo\/image\/\",\"url\":\"https:\/\/www.colomio.com\/wp-content\/uploads\/2025\/02\/cropped-colomio-logo.png?wsr\",\"contentUrl\":\"https:\/\/www.colomio.com\/wp-content\/uploads\/2025\/02\/cropped-colomio-logo.png?wsr\",\"width\":373,\"height\":98,\"caption\":\"www.colomio.com\"},\"image\":{\"@id\":\"https:\/\/www.colomio.com\/pl#\/schema\/logo\/image\/\"},\"sameAs\":[\"https:\/\/www.instagram.com\/colomio.team\/\",\"https:\/\/de.pinterest.com\/happycolorz_colomio\/\",\"https:\/\/www.pinterest.com\/happycolorz_colomio\/\",\"https:\/\/www.muminthemadhouse.com\/custom-ai-colouring-pages-for-kids\/\",\"https:\/\/slummysinglemummy.com\/2026\/03\/05\/rainy-afternoons-just-got-a-lot-more-creative-discovering-colomio\/\",\"https:\/\/www.amazon.com\/Horses-Coloring-Book-pages-reprint\/dp\/1707878994\",\"https:\/\/www.prnewswire.com\/news-releases\/colomiocom-launches-a-free-customizable-coloring-book-for-home-printing-301162753.html\",\"https:\/\/www.linkedin.com\/in\/mathias-ziegler-b6068568\/\"],\"alternateName\":\"colomio.com\",\"foundingDate\":\"2019\",\"description\":\"Free printable coloring pages, step-by-step drawing tutorials, and creative crafts for kids \u2013 created by parents, tested by children.\",\"address\":{\"@type\":\"PostalAddress\",\"streetAddress\":\"Zeppelinstr. 73\",\"addressLocality\":\"Munich\",\"postalCode\":\"81669\",\"addressRegion\":\"Bavaria\",\"addressCountry\":\"DE\"},\"parentOrganization\":{\"@type\":\"Organization\",\"name\":\"happycolorz GmbH\",\"url\":\"https:\/\/www.happycolorz.de\"},\"founder\":[{\"@type\":\"Person\",\"@id\":\"https:\/\/www.colomio.com\/pl#mathias\/\",\"name\":\"Mathias Ziegler\",\"jobTitle\":\"Founder & Managing Director\",\"url\":\"https:\/\/www.colomio.com\/pl\/authors\/colomio-team\"}]}]}<\/script>\n<!-- \/ Yoast SEO plugin. -->","yoast_head_json":{"title":"Warunki korzystania - www.colomio.com","robots":{"index":"index","follow":"follow","max-snippet":"max-snippet:-1","max-image-preview":"max-image-preview:large","max-video-preview":"max-video-preview:-1"},"canonical":"https:\/\/www.colomio.com\/pl\/terms","og_locale":"pl_PL","og_type":"article","og_title":"Warunki korzystania - www.colomio.com","og_description":"Niniejsze Warunki korzystania reguluj\u0105 korzystanie z us\u0142ugi oferowanej na tej stronie internetowej w celu tworzenia kolorowanek generowanych przez sztuczn\u0105 inteligencj\u0119, przekszta\u0142cania przes\u0142anych obraz\u00f3w w kolorowanki oraz korzystania z internetowego narz\u0119dzia do kolorowania (\u0142\u0105cznie \u201eUs\u0142uga\u201d). Korzystaj\u0105c z Us\u0142ugi, u\u017cytkownik akceptuje niniejsze Warunki jako wi\u0105\u017c\u0105ce. 1. Przedmiot Us\u0142ugi (1) Operator udost\u0119pnia us\u0142ug\u0119 online, za po\u015brednictwem kt\u00f3rej u\u017cytkownicy ... Dowiedz si\u0119 wi\u0119cej","og_url":"https:\/\/www.colomio.com\/pl\/terms","og_site_name":"www.colomio.com","article_modified_time":"2026-04-21T14:55:51+00:00","twitter_card":"summary_large_image","twitter_misc":{"Szacowany czas czytania":"9 minut"},"schema":{"@context":"https:\/\/schema.org","@graph":[{"@type":"WebPage","@id":"https:\/\/www.colomio.com\/pl\/terms","url":"https:\/\/www.colomio.com\/pl\/terms","name":"Warunki korzystania - www.colomio.com","isPartOf":{"@id":"https:\/\/www.colomio.com\/pl#website"},"datePublished":"2025-12-04T15:29:23+00:00","dateModified":"2026-04-21T14:55:51+00:00","breadcrumb":{"@id":"https:\/\/www.colomio.com\/pl\/terms#breadcrumb"},"inLanguage":"pl-PL","potentialAction":[{"@type":"ReadAction","target":["https:\/\/www.colomio.com\/pl\/terms"]}]},{"@type":"BreadcrumbList","@id":"https:\/\/www.colomio.com\/pl\/terms#breadcrumb","itemListElement":[{"@type":"ListItem","position":1,"name":"Home","item":"https:\/\/www.colomio.com\/pl"},{"@type":"ListItem","position":2,"name":"Warunki korzystania"}]},{"@type":"WebSite","@id":"https:\/\/www.colomio.com\/pl#website","url":"https:\/\/www.colomio.com\/pl","name":"www.colomio.com","description":"","publisher":{"@id":"https:\/\/www.colomio.com\/pl#organization"},"potentialAction":[{"@type":"SearchAction","target":{"@type":"EntryPoint","urlTemplate":"https:\/\/www.colomio.com\/pl?s={search_term_string}"},"query-input":{"@type":"PropertyValueSpecification","valueRequired":true,"valueName":"search_term_string"}}],"inLanguage":"pl-PL"},{"@type":"Organization","@id":"https:\/\/www.colomio.com\/pl#organization","name":"colomio","url":"https:\/\/www.colomio.com\/pl","logo":{"@type":"ImageObject","inLanguage":"pl-PL","@id":"https:\/\/www.colomio.com\/pl#\/schema\/logo\/image\/","url":"https:\/\/www.colomio.com\/wp-content\/uploads\/2025\/02\/cropped-colomio-logo.png?wsr","contentUrl":"https:\/\/www.colomio.com\/wp-content\/uploads\/2025\/02\/cropped-colomio-logo.png?wsr","width":373,"height":98,"caption":"www.colomio.com"},"image":{"@id":"https:\/\/www.colomio.com\/pl#\/schema\/logo\/image\/"},"sameAs":["https:\/\/www.instagram.com\/colomio.team\/","https:\/\/de.pinterest.com\/happycolorz_colomio\/","https:\/\/www.pinterest.com\/happycolorz_colomio\/","https:\/\/www.muminthemadhouse.com\/custom-ai-colouring-pages-for-kids\/","https:\/\/slummysinglemummy.com\/2026\/03\/05\/rainy-afternoons-just-got-a-lot-more-creative-discovering-colomio\/","https:\/\/www.amazon.com\/Horses-Coloring-Book-pages-reprint\/dp\/1707878994","https:\/\/www.prnewswire.com\/news-releases\/colomiocom-launches-a-free-customizable-coloring-book-for-home-printing-301162753.html","https:\/\/www.linkedin.com\/in\/mathias-ziegler-b6068568\/"],"alternateName":"colomio.com","foundingDate":"2019","description":"Free printable coloring pages, step-by-step drawing tutorials, and creative crafts for kids \u2013 created by parents, tested by children.","address":{"@type":"PostalAddress","streetAddress":"Zeppelinstr. 73","addressLocality":"Munich","postalCode":"81669","addressRegion":"Bavaria","addressCountry":"DE"},"parentOrganization":{"@type":"Organization","name":"happycolorz GmbH","url":"https:\/\/www.happycolorz.de"},"founder":[{"@type":"Person","@id":"https:\/\/www.colomio.com\/pl#mathias\/","name":"Mathias Ziegler","jobTitle":"Founder & Managing Director","url":"https:\/\/www.colomio.com\/pl\/authors\/colomio-team"}]}]}},"_links":{"self":[{"href":"https:\/\/www.colomio.com\/pl\/wp-json\/wp\/v2\/pages\/126650","targetHints":{"allow":["GET"]}}],"collection":[{"href":"https:\/\/www.colomio.com\/pl\/wp-json\/wp\/v2\/pages"}],"about":[{"href":"https:\/\/www.colomio.com\/pl\/wp-json\/wp\/v2\/types\/page"}],"author":[{"embeddable":true,"href":"https:\/\/www.colomio.com\/pl\/wp-json\/wp\/v2\/users\/1"}],"replies":[{"embeddable":true,"href":"https:\/\/www.colomio.com\/pl\/wp-json\/wp\/v2\/comments?post=126650"}],"version-history":[{"count":1,"href":"https:\/\/www.colomio.com\/pl\/wp-json\/wp\/v2\/pages\/126650\/revisions"}],"predecessor-version":[{"id":126651,"href":"https:\/\/www.colomio.com\/pl\/wp-json\/wp\/v2\/pages\/126650\/revisions\/126651"}],"wp:attachment":[{"href":"https:\/\/www.colomio.com\/pl\/wp-json\/wp\/v2\/media?parent=126650"}],"curies":[{"name":"wp","href":"https:\/\/api.w.org\/{rel}","templated":true}]}}