{"id":27180,"date":"2025-11-11T10:19:06","date_gmt":"2025-11-11T10:19:06","guid":{"rendered":"https:\/\/www.colomio.com\/?page_id=27180"},"modified":"2026-04-21 14:55:53","modified_gmt":"2026-04-21T14:55:53","slug":"wlasny-kalendarz-pdf","status":"publish","type":"page","link":"https:\/\/www.colomio.com\/pl\/wlasny-kalendarz-pdf","title":{"rendered":"Edytowalny kalendarz: darmowe szablony do tworzenia w\u0142asnego planera"},"content":{"rendered":"\n<style>.dat2 {display: none;} .separate-containers .inside-article {background-color: #f8fafc;}<\/style><script src=\"https:\/\/calendar-creator-production.up.railway.app\/embed.js\" async><\/script>\n<div\n  data-calendar-creator\n  data-ui-locale=\"pl\"\n  data-brand=\"colomio\"\n  data-locale=\"pl\"\n  data-country=\"pl\"\n  data-year=\"2026\"\n  data-range-mode=\"range\"\n  data-from=\"2026-01\"\n  data-to=\"2026-12\"\n  data-layout=\"modern\"\n  data-weekday-labels=\"short\"\n  data-week-start=\"mon\"\n  data-week-numbers=\"off\"\n  data-holidays=\"off\"\n  data-notes=\"off\"\n  data-margin=\"10\"\n><\/div>\n\n\n\n<p><\/p>\n\n\n\n<p>Planowanie roku staje si\u0119 znacznie \u0142atwiejsze, gdy masz kalendarz dopasowany do Twoich potrzeb. Niezale\u017cnie od tego, czy organizujesz prac\u0119, szko\u0142\u0119, \u017cycie rodzinne czy projekty osobiste, <strong>edytowalny kalendarz 2026<\/strong> zapewnia pe\u0142n\u0105 elastyczno\u015b\u0107 i swobod\u0119. Dzi\u0119ki konfigurowalnym uk\u0142adom, r\u00f3\u017cnym stylom i wygodnym opcjom druku mo\u017cesz stworzy\u0107 planer dok\u0142adnie taki, jakiego potrzebujesz.<\/p>\n\n\n\n<h2 class=\"wp-block-heading\"><strong>Stw\u00f3rz w\u0142asny fotokalendarz i wydrukuj go samodzielnie<\/strong><\/h2>\n\n\n\n<p>Nasze narz\u0119dzie umo\u017cliwia tak\u017ce tworzenie w pe\u0142ni spersonalizowanego <strong>fotokalendarza<\/strong>, co jest jedn\u0105 z najbardziej cenionych funkcji. Wystarczy kilka klikni\u0119\u0107, aby przes\u0142a\u0107 swoje zdj\u0119cia, wybra\u0107 uk\u0142ad, zmieni\u0107 kolory i dostosowa\u0107 ka\u017cdy miesi\u0105c wed\u0142ug w\u0142asnego pomys\u0142u. Mo\u017cesz wykorzysta\u0107 zdj\u0119cia rodzinne, z podr\u00f3\u017cy, zwierz\u0105t domowych lub profesjonalne grafiki \u2014 nasze szablony przekszta\u0142c\u0105 je w estetyczny, wysokiej jako\u015bci kalendarz.<\/p>\n\n\n\n<p>W ka\u017cdym miesi\u0105cu mo\u017cesz umie\u015bci\u0107 jedno zdj\u0119cie, stworzy\u0107 kola\u017c lub wybra\u0107 minimalistyczny styl. Szablony s\u0105 w pe\u0142ni edytowalne: dodawaj w\u0142asne wydarzenia, urodziny, notatki i przypomnienia. Masz pe\u0142n\u0105 kontrol\u0119 nad wygl\u0105dem, orientacj\u0105 i formatem kalendarza.<\/p>\n\n\n\n<p>Po uko\u0144czeniu projektu mo\u017cesz pobra\u0107 go jako wysokiej jako\u015bci PDF i <strong>samodzielnie wydrukowa\u0107 fotokalendarz w domu<\/strong> lub w drukarni. To \u015bwietny pomys\u0142 na prezent, organizer rodzinny, gad\u017cet promocyjny lub pami\u0105tk\u0119 na koniec roku. Z naszym narz\u0119dziem tworzenie fotokalendarza jest proste, szybkie i w pe\u0142ni darmowe.<\/p>\n\n\n\n<hr class=\"wp-block-separator has-alpha-channel-opacity\"\/>\n\n\n\n<h2 class=\"wp-block-heading\"><strong>Dlaczego warto korzysta\u0107 z edytowalnego kalendarza?<\/strong><\/h2>\n\n\n\n<p><strong>Edytowalny kalendarz<\/strong> pozwala:<\/p>\n\n\n\n<ul class=\"wp-block-list\">\n<li>dodawa\u0107 w\u0142asne notatki i wydarzenia,<\/li>\n\n\n\n<li>zmienia\u0107 kolory i czcionki,<\/li>\n\n\n\n<li>dostosowywa\u0107 uk\u0142ad,<\/li>\n\n\n\n<li>wprowadza\u0107 przypomnienia,<\/li>\n\n\n\n<li>tworzy\u0107 indywidualny system planowania.<\/li>\n<\/ul>\n\n\n\n<p>To idealne rozwi\u0105zanie dla uczni\u00f3w, profesjonalist\u00f3w, rodzin oraz wszystkich, kt\u00f3rzy potrzebuj\u0105 elastycznego narz\u0119dzia.<\/p>\n\n\n\n<hr class=\"wp-block-separator has-alpha-channel-opacity\"\/>\n\n\n\n<h2 class=\"wp-block-heading\"><strong>Niestandardowy kalendarz 2026<\/strong><\/h2>\n\n\n\n<p><strong>Niestandardowy kalendarz 2026<\/strong> pozwala dostosowa\u0107 ka\u017cdy miesi\u0105c wed\u0142ug w\u0142asnych preferencji. Mo\u017cesz doda\u0107 wa\u017cne daty, \u015bwi\u0119ta, cele roczne czy zdj\u0119cia, tworz\u0105c planer na ca\u0142y rok.<\/p>\n\n\n\n<hr class=\"wp-block-separator has-alpha-channel-opacity\"\/>\n\n\n\n<h2 class=\"wp-block-heading\"><strong>Edytowalne szablony kalendarzy<\/strong><\/h2>\n\n\n\n<p>Dost\u0119pne <strong>edytowalne szablony kalendarzy<\/strong> obejmuj\u0105:<\/p>\n\n\n\n<ul class=\"wp-block-list\">\n<li>widok miesi\u0119czny,<\/li>\n\n\n\n<li>roczny,<\/li>\n\n\n\n<li>tygodniowy,<\/li>\n\n\n\n<li>pionowy lub poziomy uk\u0142ad,<\/li>\n\n\n\n<li>proste lub dekoracyjne projekty.<\/li>\n<\/ul>\n\n\n\n<p>Je\u015bli wolisz zaczyna\u0107 od zera, wybierz <strong>pusty szablon kalendarza<\/strong> i dostosuj go wed\u0142ug w\u0142asnych potrzeb.<\/p>\n\n\n\n<hr class=\"wp-block-separator has-alpha-channel-opacity\"\/>\n\n\n\n<h2 class=\"wp-block-heading\"><strong>Stw\u00f3rz kalendarz krok po kroku<\/strong><\/h2>\n\n\n\n<p>Korzystaj\u0105c z <strong>kreatora kalendarza<\/strong> lub <strong>generatora kalendarzy<\/strong>, mo\u017cesz:<\/p>\n\n\n\n<ol class=\"wp-block-list\">\n<li>Wybra\u0107 uk\u0142ad<\/li>\n\n\n\n<li>Doda\u0107 kolory i czcionki<\/li>\n\n\n\n<li>Wprowadzi\u0107 wydarzenia<\/li>\n\n\n\n<li>Wgra\u0107 zdj\u0119cia i logo<\/li>\n\n\n\n<li>Pobiera\u0107 lub drukowa\u0107<\/li>\n<\/ol>\n\n\n\n<p>Zaawansowany <strong>generator kalendarza niestandardowego<\/strong> oferuje pe\u0142n\u0105 kontrol\u0119 nad wygl\u0105dem.<\/p>\n\n\n\n<hr class=\"wp-block-separator has-alpha-channel-opacity\"\/>\n\n\n\n<h2 class=\"wp-block-heading\"><strong>Wydrukuj w\u0142asny kalendarz<\/strong><\/h2>\n\n\n\n<p>Mo\u017cesz \u0142atwo <strong>wydrukowa\u0107 w\u0142asny kalendarz<\/strong> w domu lub w drukarni. To \u015bwietne rozwi\u0105zanie dla biur, rodzin, szk\u00f3\u0142 lub jako prezent.<\/p>\n\n\n\n<hr class=\"wp-block-separator has-alpha-channel-opacity\"\/>\n\n\n\n<h2 class=\"wp-block-heading\"><strong>Darmowy edytowalny kalendarz<\/strong><\/h2>\n\n\n\n<p>Dost\u0119pny jest r\u00f3wnie\u017c <strong>darmowy edytowalny kalendarz<\/strong>, kt\u00f3ry mo\u017cesz pobra\u0107 i dostosowa\u0107 bez op\u0142at.<\/p>\n\n\n\n<p><\/p>\n","protected":false},"excerpt":{"rendered":"<p>Planowanie roku staje si\u0119 znacznie \u0142atwiejsze, gdy masz kalendarz dopasowany do Twoich potrzeb. Niezale\u017cnie od tego, czy organizujesz prac\u0119, szko\u0142\u0119, \u017cycie rodzinne czy projekty osobiste, edytowalny kalendarz 2026 zapewnia pe\u0142n\u0105 elastyczno\u015b\u0107 i swobod\u0119. Dzi\u0119ki konfigurowalnym uk\u0142adom, r\u00f3\u017cnym stylom i wygodnym opcjom druku mo\u017cesz stworzy\u0107 planer dok\u0142adnie taki, jakiego potrzebujesz. Stw\u00f3rz w\u0142asny fotokalendarz i wydrukuj go &#8230; <a title=\"Edytowalny kalendarz: darmowe szablony do tworzenia w\u0142asnego planera\" class=\"read-more\" href=\"https:\/\/www.colomio.com\/pl\/wlasny-kalendarz-pdf\" aria-label=\"Read more about Edytowalny kalendarz: darmowe szablony do tworzenia w\u0142asnego planera\">Dowiedz si\u0119 wi\u0119cej<\/a><\/p>\n","protected":false},"author":4,"featured_media":0,"parent":0,"menu_order":0,"comment_status":"closed","ping_status":"closed","template":"","meta":{"_yoast_wpseo_title":"Edytowalny kalendarz \u2013 Darmowe szablony i kreator kalendarzy","_yoast_wpseo_metadesc":"Stw\u00f3rz w\u0142asny kalendarz 2026 dzi\u0119ki darmowym edytowalnym szablonom. Skorzystaj z kreatora kalendarza, aby dostosowa\u0107, wydrukowa\u0107 lub pobra\u0107 pusty szablon kalendarza.","_yoast_wpseo_bctitle":"Edytowalny kalendarz","_colomio_max_video_preview":"","_colomio_max_image_preview":"","_colomio_max_snippet":"","_custom_article_jsonld":"","_custom_howto_jsonld":"","_custom_schema_jsonld":"{\"@type\": \"WebApplication\", \"@id\": \"https:\/\/www.colomio.com\/pl\/wlasny-kalendarz-pdf#webapp\", \"name\": \"Kreator Kalendarza\", \"url\": \"https:\/\/www.colomio.com\/pl\/wlasny-kalendarz-pdf\", \"description\": \"Stw\u00f3rz w\u0142asny kalendarz ze zdj\u0119ciami z edytowalnymi szablonami. Dostosuj uk\u0142ad, kolory i tre\u015b\u0107, a nast\u0119pnie wydrukuj kalendarz za darmo jako PDF.\", \"applicationCategory\": \"DesignApplication\", \"operatingSystem\": \"All\", \"browserRequirements\": \"Requires JavaScript. Requires HTML5.\", \"offers\": {\"@type\": \"Offer\", \"price\": \"0\", \"priceCurrency\": \"EUR\"}, \"featureList\": [\"Tworzenie kalendarza ze zdj\u0119ciami\", \"Edytowalne szablony\", \"Eksport PDF\", \"Przesy\u0142anie w\u0142asnych zdj\u0119\u0107\", \"Niestandardowe kolory i uk\u0142ady\", \"Planery miesi\u0119czne, roczne i tygodniowe\"], \"inLanguage\": \"pl\", \"isAccessibleForFree\": true, \"creator\": {\"@type\": \"Organization\", \"@id\": \"https:\/\/www.colomio.com\/#organization\"}}","category-page":true,"footnotes":""},"class_list":["post-27180","page","type-page","status-publish"],"yoast_head":"<!-- This site is optimized with the Yoast SEO plugin v27.2 - https:\/\/yoast.com\/product\/yoast-seo-wordpress\/ -->\n<title>Edytowalny kalendarz \u2013 Darmowe szablony i kreator kalendarzy<\/title>\n<meta name=\"description\" content=\"Stw\u00f3rz w\u0142asny kalendarz 2026 dzi\u0119ki darmowym edytowalnym szablonom. Skorzystaj z kreatora kalendarza, aby dostosowa\u0107, wydrukowa\u0107 lub pobra\u0107 pusty szablon kalendarza.\" \/>\n<meta name=\"robots\" content=\"index, follow, max-snippet:-1, max-image-preview:large, max-video-preview:-1\" \/>\n<link rel=\"canonical\" href=\"https:\/\/www.colomio.com\/pl\/wlasny-kalendarz-pdf\" \/>\n<meta property=\"og:locale\" content=\"pl_PL\" \/>\n<meta property=\"og:type\" content=\"article\" \/>\n<meta property=\"og:title\" content=\"Edytowalny kalendarz \u2013 Darmowe szablony i kreator kalendarzy\" \/>\n<meta property=\"og:description\" content=\"Stw\u00f3rz w\u0142asny kalendarz 2026 dzi\u0119ki darmowym edytowalnym szablonom. Skorzystaj z kreatora kalendarza, aby dostosowa\u0107, wydrukowa\u0107 lub pobra\u0107 pusty szablon kalendarza.\" \/>\n<meta property=\"og:url\" content=\"https:\/\/www.colomio.com\/pl\/wlasny-kalendarz-pdf\" \/>\n<meta property=\"og:site_name\" content=\"www.colomio.com\" \/>\n<meta property=\"article:modified_time\" content=\"2026-04-21T14:55:53+00:00\" \/>\n<meta name=\"twitter:card\" content=\"summary_large_image\" \/>\n<meta name=\"twitter:label1\" content=\"Szacowany czas czytania\" \/>\n\t<meta name=\"twitter:data1\" content=\"3 minuty\" \/>\n<script type=\"application\/ld+json\" class=\"yoast-schema-graph\">{\"@context\":\"https:\/\/schema.org\",\"@graph\":[{\"@type\":\"WebPage\",\"@id\":\"https:\/\/www.colomio.com\/pl\/wlasny-kalendarz-pdf\",\"url\":\"https:\/\/www.colomio.com\/pl\/wlasny-kalendarz-pdf\",\"name\":\"Edytowalny kalendarz \u2013 Darmowe szablony i kreator kalendarzy\",\"isPartOf\":{\"@id\":\"https:\/\/www.colomio.com\/pl#website\"},\"datePublished\":\"2025-11-11T10:19:06+00:00\",\"dateModified\":\"2026-04-21T14:55:53+00:00\",\"description\":\"Stw\u00f3rz w\u0142asny kalendarz 2026 dzi\u0119ki darmowym edytowalnym szablonom. Skorzystaj z kreatora kalendarza, aby dostosowa\u0107, wydrukowa\u0107 lub pobra\u0107 pusty szablon kalendarza.\",\"breadcrumb\":{\"@id\":\"https:\/\/www.colomio.com\/pl\/wlasny-kalendarz-pdf#breadcrumb\"},\"inLanguage\":\"pl-PL\",\"potentialAction\":[{\"@type\":\"ReadAction\",\"target\":[\"https:\/\/www.colomio.com\/pl\/wlasny-kalendarz-pdf\"]}]},{\"@type\":\"BreadcrumbList\",\"@id\":\"https:\/\/www.colomio.com\/pl\/wlasny-kalendarz-pdf#breadcrumb\",\"itemListElement\":[{\"@type\":\"ListItem\",\"position\":1,\"name\":\"Home\",\"item\":\"https:\/\/www.colomio.com\/pl\"},{\"@type\":\"ListItem\",\"position\":2,\"name\":\"Edytowalny kalendarz\"}]},{\"@type\":\"WebSite\",\"@id\":\"https:\/\/www.colomio.com\/pl#website\",\"url\":\"https:\/\/www.colomio.com\/pl\",\"name\":\"www.colomio.com\",\"description\":\"\",\"publisher\":{\"@id\":\"https:\/\/www.colomio.com\/pl#organization\"},\"potentialAction\":[{\"@type\":\"SearchAction\",\"target\":{\"@type\":\"EntryPoint\",\"urlTemplate\":\"https:\/\/www.colomio.com\/pl?s={search_term_string}\"},\"query-input\":{\"@type\":\"PropertyValueSpecification\",\"valueRequired\":true,\"valueName\":\"search_term_string\"}}],\"inLanguage\":\"pl-PL\"},{\"@type\":\"Organization\",\"@id\":\"https:\/\/www.colomio.com\/pl#organization\",\"name\":\"colomio\",\"url\":\"https:\/\/www.colomio.com\/pl\",\"logo\":{\"@type\":\"ImageObject\",\"inLanguage\":\"pl-PL\",\"@id\":\"https:\/\/www.colomio.com\/pl#\/schema\/logo\/image\/\",\"url\":\"https:\/\/www.colomio.com\/wp-content\/uploads\/2025\/02\/cropped-colomio-logo.png?wsr\",\"contentUrl\":\"https:\/\/www.colomio.com\/wp-content\/uploads\/2025\/02\/cropped-colomio-logo.png?wsr\",\"width\":373,\"height\":98,\"caption\":\"www.colomio.com\"},\"image\":{\"@id\":\"https:\/\/www.colomio.com\/pl#\/schema\/logo\/image\/\"},\"sameAs\":[\"https:\/\/www.instagram.com\/colomio.team\/\",\"https:\/\/de.pinterest.com\/happycolorz_colomio\/\",\"https:\/\/www.pinterest.com\/happycolorz_colomio\/\",\"https:\/\/www.muminthemadhouse.com\/custom-ai-colouring-pages-for-kids\/\",\"https:\/\/slummysinglemummy.com\/2026\/03\/05\/rainy-afternoons-just-got-a-lot-more-creative-discovering-colomio\/\",\"https:\/\/www.amazon.com\/Horses-Coloring-Book-pages-reprint\/dp\/1707878994\",\"https:\/\/www.prnewswire.com\/news-releases\/colomiocom-launches-a-free-customizable-coloring-book-for-home-printing-301162753.html\",\"https:\/\/www.linkedin.com\/in\/mathias-ziegler-b6068568\/\"],\"alternateName\":\"colomio.com\",\"foundingDate\":\"2019\",\"description\":\"Free printable coloring pages, step-by-step drawing tutorials, and creative crafts for kids \u2013 created by parents, tested by children.\",\"address\":{\"@type\":\"PostalAddress\",\"streetAddress\":\"Zeppelinstr. 73\",\"addressLocality\":\"Munich\",\"postalCode\":\"81669\",\"addressRegion\":\"Bavaria\",\"addressCountry\":\"DE\"},\"parentOrganization\":{\"@type\":\"Organization\",\"name\":\"happycolorz GmbH\",\"url\":\"https:\/\/www.happycolorz.de\"},\"founder\":[{\"@type\":\"Person\",\"@id\":\"https:\/\/www.colomio.com\/pl#mathias\/\",\"name\":\"Mathias Ziegler\",\"jobTitle\":\"Founder & Managing Director\",\"url\":\"https:\/\/www.colomio.com\/pl\/authors\/colomio-team\"}]}]}<\/script>\n<!-- \/ Yoast SEO plugin. -->","yoast_head_json":{"title":"Edytowalny kalendarz \u2013 Darmowe szablony i kreator kalendarzy","description":"Stw\u00f3rz w\u0142asny kalendarz 2026 dzi\u0119ki darmowym edytowalnym szablonom. Skorzystaj z kreatora kalendarza, aby dostosowa\u0107, wydrukowa\u0107 lub pobra\u0107 pusty szablon kalendarza.","robots":{"index":"index","follow":"follow","max-snippet":"max-snippet:-1","max-image-preview":"max-image-preview:large","max-video-preview":"max-video-preview:-1"},"canonical":"https:\/\/www.colomio.com\/pl\/wlasny-kalendarz-pdf","og_locale":"pl_PL","og_type":"article","og_title":"Edytowalny kalendarz \u2013 Darmowe szablony i kreator kalendarzy","og_description":"Stw\u00f3rz w\u0142asny kalendarz 2026 dzi\u0119ki darmowym edytowalnym szablonom. Skorzystaj z kreatora kalendarza, aby dostosowa\u0107, wydrukowa\u0107 lub pobra\u0107 pusty szablon kalendarza.","og_url":"https:\/\/www.colomio.com\/pl\/wlasny-kalendarz-pdf","og_site_name":"www.colomio.com","article_modified_time":"2026-04-21T14:55:53+00:00","twitter_card":"summary_large_image","twitter_misc":{"Szacowany czas czytania":"3 minuty"},"schema":{"@context":"https:\/\/schema.org","@graph":[{"@type":"WebPage","@id":"https:\/\/www.colomio.com\/pl\/wlasny-kalendarz-pdf","url":"https:\/\/www.colomio.com\/pl\/wlasny-kalendarz-pdf","name":"Edytowalny kalendarz \u2013 Darmowe szablony i kreator kalendarzy","isPartOf":{"@id":"https:\/\/www.colomio.com\/pl#website"},"datePublished":"2025-11-11T10:19:06+00:00","dateModified":"2026-04-21T14:55:53+00:00","description":"Stw\u00f3rz w\u0142asny kalendarz 2026 dzi\u0119ki darmowym edytowalnym szablonom. Skorzystaj z kreatora kalendarza, aby dostosowa\u0107, wydrukowa\u0107 lub pobra\u0107 pusty szablon kalendarza.","breadcrumb":{"@id":"https:\/\/www.colomio.com\/pl\/wlasny-kalendarz-pdf#breadcrumb"},"inLanguage":"pl-PL","potentialAction":[{"@type":"ReadAction","target":["https:\/\/www.colomio.com\/pl\/wlasny-kalendarz-pdf"]}]},{"@type":"BreadcrumbList","@id":"https:\/\/www.colomio.com\/pl\/wlasny-kalendarz-pdf#breadcrumb","itemListElement":[{"@type":"ListItem","position":1,"name":"Home","item":"https:\/\/www.colomio.com\/pl"},{"@type":"ListItem","position":2,"name":"Edytowalny kalendarz"}]},{"@type":"WebSite","@id":"https:\/\/www.colomio.com\/pl#website","url":"https:\/\/www.colomio.com\/pl","name":"www.colomio.com","description":"","publisher":{"@id":"https:\/\/www.colomio.com\/pl#organization"},"potentialAction":[{"@type":"SearchAction","target":{"@type":"EntryPoint","urlTemplate":"https:\/\/www.colomio.com\/pl?s={search_term_string}"},"query-input":{"@type":"PropertyValueSpecification","valueRequired":true,"valueName":"search_term_string"}}],"inLanguage":"pl-PL"},{"@type":"Organization","@id":"https:\/\/www.colomio.com\/pl#organization","name":"colomio","url":"https:\/\/www.colomio.com\/pl","logo":{"@type":"ImageObject","inLanguage":"pl-PL","@id":"https:\/\/www.colomio.com\/pl#\/schema\/logo\/image\/","url":"https:\/\/www.colomio.com\/wp-content\/uploads\/2025\/02\/cropped-colomio-logo.png?wsr","contentUrl":"https:\/\/www.colomio.com\/wp-content\/uploads\/2025\/02\/cropped-colomio-logo.png?wsr","width":373,"height":98,"caption":"www.colomio.com"},"image":{"@id":"https:\/\/www.colomio.com\/pl#\/schema\/logo\/image\/"},"sameAs":["https:\/\/www.instagram.com\/colomio.team\/","https:\/\/de.pinterest.com\/happycolorz_colomio\/","https:\/\/www.pinterest.com\/happycolorz_colomio\/","https:\/\/www.muminthemadhouse.com\/custom-ai-colouring-pages-for-kids\/","https:\/\/slummysinglemummy.com\/2026\/03\/05\/rainy-afternoons-just-got-a-lot-more-creative-discovering-colomio\/","https:\/\/www.amazon.com\/Horses-Coloring-Book-pages-reprint\/dp\/1707878994","https:\/\/www.prnewswire.com\/news-releases\/colomiocom-launches-a-free-customizable-coloring-book-for-home-printing-301162753.html","https:\/\/www.linkedin.com\/in\/mathias-ziegler-b6068568\/"],"alternateName":"colomio.com","foundingDate":"2019","description":"Free printable coloring pages, step-by-step drawing tutorials, and creative crafts for kids \u2013 created by parents, tested by children.","address":{"@type":"PostalAddress","streetAddress":"Zeppelinstr. 73","addressLocality":"Munich","postalCode":"81669","addressRegion":"Bavaria","addressCountry":"DE"},"parentOrganization":{"@type":"Organization","name":"happycolorz GmbH","url":"https:\/\/www.happycolorz.de"},"founder":[{"@type":"Person","@id":"https:\/\/www.colomio.com\/pl#mathias\/","name":"Mathias Ziegler","jobTitle":"Founder & Managing Director","url":"https:\/\/www.colomio.com\/pl\/authors\/colomio-team"}]}]}},"_links":{"self":[{"href":"https:\/\/www.colomio.com\/pl\/wp-json\/wp\/v2\/pages\/27180","targetHints":{"allow":["GET"]}}],"collection":[{"href":"https:\/\/www.colomio.com\/pl\/wp-json\/wp\/v2\/pages"}],"about":[{"href":"https:\/\/www.colomio.com\/pl\/wp-json\/wp\/v2\/types\/page"}],"author":[{"embeddable":true,"href":"https:\/\/www.colomio.com\/pl\/wp-json\/wp\/v2\/users\/4"}],"replies":[{"embeddable":true,"href":"https:\/\/www.colomio.com\/pl\/wp-json\/wp\/v2\/comments?post=27180"}],"version-history":[{"count":8,"href":"https:\/\/www.colomio.com\/pl\/wp-json\/wp\/v2\/pages\/27180\/revisions"}],"predecessor-version":[{"id":83092,"href":"https:\/\/www.colomio.com\/pl\/wp-json\/wp\/v2\/pages\/27180\/revisions\/83092"}],"wp:attachment":[{"href":"https:\/\/www.colomio.com\/pl\/wp-json\/wp\/v2\/media?parent=27180"}],"curies":[{"name":"wp","href":"https:\/\/api.w.org\/{rel}","templated":true}]}}